{"id":1062,"date":"2026-02-24T11:30:27","date_gmt":"2026-02-24T11:30:27","guid":{"rendered":"https:\/\/datlowe.webfusion.dev\/?page_id=1062"},"modified":"2026-03-06T09:18:46","modified_gmt":"2026-03-06T09:18:46","slug":"merie","status":"publish","type":"page","link":"https:\/\/datlowe.webfusion.dev\/pl\/merie\/","title":{"rendered":"MERIE"},"content":{"rendered":"<div class=\"et_pb_section_0 et_pb_section et_section_regular et_flex_section\">\n<div class=\"et_pb_row_0 et_pb_row et_flex_row\">\n<div class=\"et_pb_column_0 et_pb_column et_flex_column et_pb_css_mix_blend_mode_passthrough et_flex_column_12_24 et_flex_column_24_24_tablet et_flex_column_24_24_phone\">\n<div class=\"et_pb_text_0 et_pb_text et_pb_bg_layout_light et_pb_module et_flex_module\"><div class=\"et_pb_text_inner\"><p>Wirtualny asystent<\/p>\n<p>do wykrywania ryzyka<\/p>\n<p>lekowego<\/p>\n<\/div><\/div>\n\n<div class=\"et_pb_text_1 et_pb_text et_pb_bg_layout_light et_pb_module et_flex_module\"><div class=\"et_pb_text_inner\"><p><span data-teams=\"true\">MERIE analizuje dokumentacj\u0119 pacjent\u00f3w w czasie rzeczywistym, aby wykrywa\u0107 zagro\u017cenia zwi\u0105zane z farmakoterapi\u0105, wspiera\u0107 bezpieczniejsze przepisywanie lek\u00f3w i uwalnia\u0107 cenny czas kliniczny<\/span><\/p>\n<\/div><\/div>\n<\/div>\n\n<div class=\"et_pb_column_1 et_pb_column et-last-child et_flex_column et_pb_css_mix_blend_mode_passthrough et_flex_column_3_5 et_flex_column_3_5_tablet et_flex_column_24_24_phone\">\n<div class=\"et_pb_image_0 et_pb_image et_pb_module et_flex_module\"><span class=\"et_pb_image_wrap\"><img loading=\"lazy\" decoding=\"async\" src=\"https:\/\/datlowe.webfusion.dev\/wp-content\/uploads\/2026\/02\/merie-hero.png\" title=\"merie-hero\" width=\"836\" height=\"848\" srcset=\"https:\/\/datlowe.webfusion.dev\/wp-content\/uploads\/2026\/02\/merie-hero.png 836w, https:\/\/datlowe.webfusion.dev\/wp-content\/uploads\/2026\/02\/merie-hero-480x487.png 480w\" sizes=\"(min-width: 0px) and (max-width: 480px) 480px, (min-width: 481px) 836px, 100vw\" class=\"wp-image-606\" \/><\/span><\/div>\n<\/div>\n<\/div>\n<\/div>\n\n<div class=\"et_pb_section_1 et_pb_section et_section_regular et_flex_section dl-string-divider\">\n<div class=\"et_pb_row_1 et_pb_row et-vb-row--no-module et_flex_row\">\n<div class=\"et_pb_column_2 et_pb_column et_flex_column et_pb_column_empty et_pb_css_mix_blend_mode_passthrough et_flex_column_24_24 et_flex_column_24_24_tablet et_flex_column_24_24_phone\"><\/div>\n\n<div class=\"et_pb_column_3 et_pb_column et-last-child et_flex_column et_pb_column_empty et_pb_css_mix_blend_mode_passthrough et_flex_column_24_24 et_flex_column_24_24_tablet et_flex_column_24_24_phone\"><\/div>\n<\/div>\n<\/div>\n\n<div class=\"et_pb_section_2 et_pb_section et_section_regular et_flex_section\">\n<div class=\"et_pb_row_2 et_pb_row et_flex_row dl-layout-row\">\n<div class=\"et_pb_row_3 et_pb_row et_pb_row_nested et_flex_row\">\n<div class=\"et_pb_row_4 et_pb_row et_pb_row_nested et_flex_row\">\n<div class=\"et_pb_column_4 et_pb_column et-last-child et_flex_column et_pb_css_mix_blend_mode_passthrough et_flex_column_24_24 et_flex_column_24_24_tablet et_flex_column_24_24_phone\">\n<div class=\"et_pb_text_2 et_pb_text et_pb_bg_layout_light et_pb_module et_flex_module et_flex_column_14_24 et_flex_column_14_24_tablet et_flex_column_14_24_phone\"><div class=\"et_pb_text_inner\"><p>B\u0142\u0119dy lekowe nale\u017c\u0105 do najcz\u0119stszych zdarze\u0144 niepo\u017c\u0105danych w szpitalach, stwarzaj\u0105c znacz\u0105ce ryzyko dla pacjent\u00f3w i generuj\u0105c istotne koszty dla plac\u00f3wek opieki zdrowotnej.<\/p>\n<\/div><\/div>\n<\/div>\n<\/div>\n\n<div class=\"et_pb_row_5 et_pb_row et_pb_row_nested et_flex_row\">\n<div class=\"et_pb_column_5 et_pb_column et_flex_column et_pb_column_empty et_pb_css_mix_blend_mode_passthrough et_flex_column_6_24 et_flex_column_6_24_tablet et_flex_column_6_24_phone\"><\/div>\n\n<div class=\"et_pb_column_6 et_pb_column et-last-child et_flex_column et_pb_css_mix_blend_mode_passthrough et_flex_column_18_24 et_flex_column_18_24_tablet et_flex_column_18_24_phone\">\n<div class=\"et_pb_text_3 et_pb_text et_pb_bg_layout_light et_pb_module et_flex_module\"><div class=\"et_pb_text_inner\"><p><span data-teams=\"true\">Istotne informacje o ryzyku s\u0105 cz\u0119sto ju\u017c obecne w receptach, wynikach bada\u0144 laboratoryjnych i notatkach klinicznych \u2014 ale trudne do powi\u0105zania w odpowiednim czasie poprzez r\u0119czny przegl\u0105d. MERIE nieustannie skanuje dokumentacj\u0119 pacjent\u00f3w w poszukiwaniu zagro\u017ce\u0144 zwi\u0105zanych z farmakoterapi\u0105, wyr\u00f3\u017cniaj\u0105c istotne kwestie w czasie rzeczywistym i dostarczaj\u0105c kontekst kliniczny niezb\u0119dny do wczesnego dzia\u0142ania. <\/span><\/p>\n<\/div><\/div>\n<\/div>\n<\/div>\n<\/div>\n<\/div>\n\n<div class=\"et_pb_row_6 et_pb_row et_flex_row dl-layout-row\">\n<div class=\"et_pb_row_7 et_pb_row et-vb-row--no-module et_pb_row_nested et_flex_row\">\n<div class=\"et_pb_column_7 et_pb_column et-last-child et_flex_column et_pb_column_empty et_pb_css_mix_blend_mode_passthrough et_flex_column_24_24 et_flex_column_24_24_tablet et_flex_column_24_24_phone\"><\/div>\n<\/div>\n<\/div>\n<\/div>\n\n<div class=\"et_pb_section_3 et_pb_section et_section_regular et_flex_section\">\n<div class=\"et_pb_row_8 et_pb_row et_flex_row dl-layout-row\">\n<div class=\"et_pb_row_9 et_pb_row et_pb_row_nested et_flex_row\">\n<div class=\"et_pb_row_10 et_pb_row et_pb_row_nested et_flex_row\">\n<div class=\"et_pb_column_8 et_pb_column et_flex_column et_pb_css_mix_blend_mode_passthrough et_flex_column_6_24 et_flex_column_24_24_tablet et_flex_column_24_24_phone\">\n<div class=\"et_pb_text_4 et_pb_text et_pb_bg_layout_light et_pb_module et_flex_module\"><div class=\"et_pb_text_inner\"><p>Wgl\u0105d w ryzyko<\/p>\n<p>  lekowe<\/p>\n<\/div><\/div>\n<\/div>\n\n<div class=\"et_pb_column_9 et_pb_column et-last-child et_flex_column et_pb_css_mix_blend_mode_passthrough et_flex_column_18_24 et_flex_column_24_24_tablet et_flex_column_24_24_phone\">\n<div class=\"et_pb_row_11 et_pb_row et_pb_row_nested et_flex_row dl-merie-benefits\">\n<div class=\"et_pb_column_10 et_pb_column et_flex_column et_pb_css_mix_blend_mode_passthrough et_flex_column_12_24 et_flex_column_12_24_tablet et_flex_column_24_24_phone\">\n<div class=\"et_pb_image_1 et_pb_image et_pb_module et_flex_module\"><span class=\"et_pb_image_wrap\"><img loading=\"lazy\" decoding=\"async\" src=\"https:\/\/datlowe.webfusion.dev\/wp-content\/uploads\/2026\/02\/pills.png\" title=\"pills\" width=\"69\" height=\"73\" sizes=\"(max-width: 69px) 100vw, 69px\" class=\"wp-image-613\" \/><\/span><\/div>\n\n<div class=\"et_pb_toggle_0 et_pb_toggle et_pb_toggle_item et_pb_toggle_close et_pb_module et_flex_module\"><h5 class=\"et_pb_toggle_title\">Wczesna identyfikacja zagro\u017ce\u0144 lekowych<\/h5><div class=\"et_pb_toggle_content clearfix et_flex_module\"><p>MERIE nieustannie skanuje dokumentacj\u0119 pacjent\u00f3w w poszukiwaniu zagro\u017ce\u0144 zwi\u0105zanych z farmakoterapi\u0105 i wyr\u00f3\u017cnia pacjent\u00f3w, kt\u00f3rzy najbardziej wymagaj\u0105 uwagi klinicznej.<\/p>\n<\/div><\/div>\n<\/div>\n\n<div class=\"et_pb_column_11 et_pb_column et_flex_column et_pb_css_mix_blend_mode_passthrough et_flex_column_12_24 et_flex_column_12_24_tablet et_flex_column_24_24_phone\">\n<div class=\"et_pb_image_2 et_pb_image et_pb_module et_flex_module\"><span class=\"et_pb_image_wrap\"><img loading=\"lazy\" decoding=\"async\" src=\"https:\/\/datlowe.webfusion.dev\/wp-content\/uploads\/2026\/02\/prescription.png\" title=\"prescription\" width=\"58\" height=\"73\" sizes=\"(max-width: 58px) 100vw, 58px\" class=\"wp-image-612\" \/><\/span><\/div>\n\n<div class=\"et_pb_toggle_1 et_pb_toggle et_pb_toggle_item et_pb_toggle_close et_pb_module et_flex_module\"><h5 class=\"et_pb_toggle_title\">Bezpieczniejsze przepisywanie i mniej zdarze\u0144 niepo\u017c\u0105danych<\/h5><div class=\"et_pb_toggle_content clearfix et_flex_module\"><p>Wyr\u00f3\u017cniaj\u0105c sytuacje wysokiego ryzyka, MERIE pomaga zapobiega\u0107 niepo\u017c\u0105danym zdarzeniom lekowym i wspiera bezpieczniejsze, bardziej niezawodne przepisywanie.<\/p>\n<\/div><\/div>\n<\/div>\n\n<div class=\"et_pb_column_12 et_pb_column et_flex_column et_pb_css_mix_blend_mode_passthrough et_flex_column_12_24 et_flex_column_12_24_tablet et_flex_column_24_24_phone\">\n<div class=\"et_pb_image_3 et_pb_image et_pb_module et_flex_module\"><span class=\"et_pb_image_wrap\"><img loading=\"lazy\" decoding=\"async\" src=\"https:\/\/datlowe.webfusion.dev\/wp-content\/uploads\/2026\/02\/calendar.png\" title=\"calendar\" width=\"64\" height=\"67\" sizes=\"(max-width: 64px) 100vw, 64px\" class=\"wp-image-611\" \/><\/span><\/div>\n\n<div class=\"et_pb_toggle_2 et_pb_toggle et_pb_toggle_item et_pb_toggle_close et_pb_module et_flex_module\"><h5 class=\"et_pb_toggle_title\">Mniej r\u0119cznego przegl\u0105du, wi\u0119cej czasu na opiek\u0119<\/h5><div class=\"et_pb_toggle_content clearfix et_flex_module\"><p>MERIE redukuje r\u0119czny przegl\u0105d danych nawet o 90%, daj\u0105c farmaceutom klinicznym wi\u0119cej czasu na opiek\u0119 nad pacjentami, jednocze\u015bnie zapewniaj\u0105c przejrzysty, oparty na danych przegl\u0105d zagro\u017ce\u0144 lekowych i trend\u00f3w w ca\u0142ym szpitalu.<\/p>\n<\/div><\/div>\n<\/div>\n\n<div class=\"et_pb_column_13 et_pb_column et-last-child et_flex_column et_pb_css_mix_blend_mode_passthrough et_flex_column_12_24 et_flex_column_12_24_tablet et_flex_column_24_24_phone\">\n<div class=\"et_pb_image_4 et_pb_image et_pb_module et_flex_module\"><span class=\"et_pb_image_wrap\"><img loading=\"lazy\" decoding=\"async\" src=\"https:\/\/datlowe.webfusion.dev\/wp-content\/uploads\/2026\/02\/money.png\" title=\"money\" width=\"74\" height=\"73\" sizes=\"(max-width: 74px) 100vw, 74px\" class=\"wp-image-610\" \/><\/span><\/div>\n\n<div class=\"et_pb_toggle_3 et_pb_toggle et_pb_toggle_item et_pb_toggle_close et_pb_module et_flex_module\"><h5 class=\"et_pb_toggle_title\">Prewencja poprawiaj\u0105ca wyniki<\/h5><div class=\"et_pb_toggle_content clearfix et_flex_module\"><p>Wczesna identyfikacja zagro\u017ce\u0144 lekowych pomaga zapobiega\u0107 powik\u0142aniom, skraca\u0107 pobyty w szpitalu i redukowa\u0107 mo\u017cliwe do unikni\u0119cia koszty kliniczne i finansowe.<\/p>\n<\/div><\/div>\n<\/div>\n<\/div>\n<\/div>\n<\/div>\n<\/div>\n<\/div>\n\n<div class=\"et_pb_row_12 et_pb_row et_flex_row dl-layout-row\">\n<div class=\"et_pb_row_13 et_pb_row et-vb-row--no-module et_pb_row_nested et_flex_row\">\n<div class=\"et_pb_column_14 et_pb_column et-last-child et_flex_column et_pb_column_empty et_pb_css_mix_blend_mode_passthrough et_flex_column_24_24 et_flex_column_24_24_tablet et_flex_column_24_24_phone\"><\/div>\n<\/div>\n<\/div>\n<\/div>\n\n<div class=\"et_pb_section_4 et_pb_section et_section_regular et_flex_section\">\n<div class=\"et_pb_row_14 et_pb_row et_flex_row dl-layout-row\">\n<div class=\"et_pb_row_15 et_pb_row et_pb_row_nested et_flex_row\">\n<div class=\"et_pb_row_16 et_pb_row et_pb_row_nested et_flex_row\">\n<div class=\"et_pb_column_15 et_pb_column et_flex_column et_pb_css_mix_blend_mode_passthrough et_flex_column_8_24 et_flex_column_8_24_tablet et_flex_column_8_24_phone\">\n<div class=\"et_pb_text_5 et_pb_text et_pb_bg_layout_light et_pb_module et_flex_module et_flex_column_14_24 et_flex_column_14_24_tablet et_flex_column_14_24_phone dl-merie-tag\"><div class=\"et_pb_text_inner\"><p>MERIE<\/p>\n<\/div><\/div>\n\n<div class=\"et_pb_text_6 et_pb_text et_pb_bg_layout_light et_pb_module et_flex_module et_flex_column_24_24 et_flex_column_24_24_tablet et_flex_column_24_24_phone\"><div class=\"et_pb_text_inner\"><p>Jak dzia\u0142a<\/p>\n<p><span style=\"font-size: 64px;\">MERIE?<\/span><\/p>\n<\/div><\/div>\n\n<div class=\"et_pb_divider_0 et_pb_divider et_pb_space et_pb_divider_position_top et_pb_module\"><div class=\"et_pb_divider_internal\"><\/div><\/div>\n\n<div class=\"et_pb_text_7 et_pb_text et_pb_bg_layout_light et_pb_module et_flex_module et_flex_column_24_24 et_flex_column_24_24_tablet et_flex_column_24_24_phone\"><div class=\"et_pb_text_inner\"><p><span data-teams=\"true\">MERIE nieustannie identyfikuje zagro\u017cenia zwi\u0105zane z farmakoterapi\u0105 i dostarcza kontekst kliniczny niezb\u0119dny do wczesnego dzia\u0142ania. Zamiast sp\u0119dza\u0107 godziny na r\u0119cznym przegl\u0105daniu dokumentacji pacjent\u00f3w, farmaceuci kliniczni uzyskuj\u0105 przejrzysty przegl\u0105d zagro\u017ce\u0144 lekowych, z bezpo\u015brednimi odniesieniami do notatek klinicznych i wynik\u00f3w bada\u0144 laboratoryjnych stanowi\u0105cych podstaw\u0119 ka\u017cdego alertu. <\/span><\/p>\n<\/div><\/div>\n<\/div>\n\n<div class=\"et_pb_column_16 et_pb_column et-last-child et_flex_column et_pb_css_mix_blend_mode_passthrough et_flex_column_24_24 et_flex_column_24_24_tablet et_flex_column_24_24_phone\">\n<div class=\"et_pb_image_5 et_pb_image et_pb_module et_flex_module\"><span class=\"et_pb_image_wrap\"><img loading=\"lazy\" decoding=\"async\" src=\"https:\/\/datlowe.webfusion.dev\/wp-content\/uploads\/2026\/02\/howitworks.png\" title=\"howitworks\" width=\"1150\" height=\"662\" srcset=\"https:\/\/datlowe.webfusion.dev\/wp-content\/uploads\/2026\/02\/howitworks.png 1150w, https:\/\/datlowe.webfusion.dev\/wp-content\/uploads\/2026\/02\/howitworks-980x564.png 980w, https:\/\/datlowe.webfusion.dev\/wp-content\/uploads\/2026\/02\/howitworks-480x276.png 480w\" sizes=\"(min-width: 0px) and (max-width: 480px) 480px, (min-width: 481px) and (max-width: 980px) 980px, (min-width: 981px) 1150px, 100vw\" class=\"wp-image-462\" \/><\/span><\/div>\n<\/div>\n<\/div>\n<\/div>\n<\/div>\n\n<div class=\"et_pb_row_17 et_pb_row et_flex_row dl-layout-row\">\n<div class=\"et_pb_row_18 et_pb_row et-vb-row--no-module et_pb_row_nested et_flex_row\">\n<div class=\"et_pb_column_17 et_pb_column et-last-child et_flex_column et_pb_column_empty et_pb_css_mix_blend_mode_passthrough et_flex_column_24_24 et_flex_column_24_24_tablet et_flex_column_24_24_phone\"><\/div>\n<\/div>\n<\/div>\n<\/div>\n\n<div class=\"et_pb_section_5 et_pb_section et_section_regular et_flex_section\">\n<div class=\"et_pb_row_19 et_pb_row et_flex_row dl-layout-row\">\n<div class=\"et_pb_row_20 et_pb_row et_pb_row_nested et_flex_row\">\n<div class=\"et_pb_row_21 et_pb_row et_pb_row_nested et_flex_row\">\n<div class=\"et_pb_column_18 et_pb_column et-last-child et_flex_column et_pb_css_mix_blend_mode_passthrough et_flex_column_24_24 et_flex_column_24_24_tablet et_flex_column_24_24_phone\">\n<div class=\"et_pb_image_6 et_pb_image et_pb_module et_flex_module\"><span class=\"et_pb_image_wrap\"><img decoding=\"async\" src=\"https:\/\/datlowe.webfusion.dev\/wp-content\/uploads\/2026\/02\/haidi-image.png\" title=\"haidi-image\" class=\"wp-image-570\" \/><\/span><\/div>\n\n<div class=\"et_pb_group_carousel_0 et_pb_group_carousel et_pb_group et_pb_module et_pb_group_carousel_arrows_outside et_pb_group_carousel_dots_center et_pb_group_carousel_dots_below\"><div class=\"et_pb_group_carousel_container\"><div class=\"et_pb_group_carousel_track\"><div class=\"et_pb_group_carousel_slide\"><div class=\"et_pb_group_0 et_pb_group et_pb_module et_flex_group et_pb_css_mix_blend_mode_passthrough\">\n<div class=\"et_pb_text_8 et_pb_text et_pb_bg_layout_light et_pb_module et_flex_module\"><div class=\"et_pb_text_inner\"><p>Ci\u0105g\u0142a analiza danych<\/p>\n<\/div><\/div>\n\n<div class=\"et_pb_text_9 et_pb_text et_pb_bg_layout_light et_pb_module et_flex_module\"><div class=\"et_pb_text_inner\"><p>Zamiast sp\u0119dza\u0107 godziny na przegl\u0105daniu dokumentacji, farmaceuci kliniczni mog\u0105 nada\u0107 priorytet pacjentom wymagaj\u0105cym uwagi i skupi\u0107 si\u0119 na bezpieczniejszym przepisywaniu oraz terminowej interwencji.<\/p>\n<\/div><\/div>\n<\/div><\/div><div class=\"et_pb_group_carousel_slide\"><div class=\"et_pb_group_1 et_pb_group et_pb_module et_flex_group et_pb_css_mix_blend_mode_passthrough\">\n<div class=\"et_pb_text_10 et_pb_text et_pb_bg_layout_light et_pb_module et_flex_module\"><div class=\"et_pb_text_inner\"><p>Jasna identyfikacja ryzyka<\/p>\n<\/div><\/div>\n\n<div class=\"et_pb_text_11 et_pb_text et_pb_bg_layout_light et_pb_module et_flex_module\"><div class=\"et_pb_text_inner\"><p>Istotne kwestie s\u0105 wyr\u00f3\u017cniane w czasie rzeczywistym, z bezpo\u015brednim dost\u0119pem do kontekstu klinicznego niezb\u0119dnego do szybkiej i dok\u0142adnej oceny ryzyka.<\/p>\n<\/div><\/div>\n<\/div><\/div><div class=\"et_pb_group_carousel_slide\"><div class=\"et_pb_group_2 et_pb_group et_pb_module et_flex_group et_pb_css_mix_blend_mode_passthrough\">\n<div class=\"et_pb_text_12 et_pb_text et_pb_bg_layout_light et_pb_module et_flex_module\"><div class=\"et_pb_text_inner\"><p>Szybsza interwencja<\/p>\n<\/div><\/div>\n\n<div class=\"et_pb_text_13 et_pb_text et_pb_bg_layout_light et_pb_module et_flex_module\"><div class=\"et_pb_text_inner\"><p>Zamiast sp\u0119dza\u0107 godziny na przegl\u0105daniu dokumentacji, farmaceuci kliniczni mog\u0105 nada\u0107 priorytet pacjentom wymagaj\u0105cym uwagi i skupi\u0107 si\u0119 na bezpieczniejszym przepisywaniu oraz terminowej interwencji.<\/p>\n<\/div><\/div>\n<\/div><\/div><div class=\"et_pb_group_carousel_slide\"><div class=\"et_pb_group_3 et_pb_group et-last-child et_pb_module et_flex_group et_pb_css_mix_blend_mode_passthrough\">\n<div class=\"et_pb_text_14 et_pb_text et_pb_bg_layout_light et_pb_module et_flex_module\"><div class=\"et_pb_text_inner\"><p>Lepsze wyniki<\/p>\n<\/div><\/div>\n\n<div class=\"et_pb_text_15 et_pb_text et_pb_bg_layout_light et_pb_module et_flex_module\"><div class=\"et_pb_text_inner\"><p>Rezultatem jest mniej zdarze\u0144 niepo\u017c\u0105danych, zmniejszone obci\u0105\u017cenie zespo\u0142\u00f3w klinicznych i bezpieczniejsza opieka dla pacjent\u00f3w.<\/p>\n<\/div><\/div>\n<\/div><\/div><\/div><\/div><span class=\"et_pb_group_carousel_arrow et_pb_group_carousel_arrow_prev\" role=\"button\" tabindex=\"0\" aria-label=\"Previous slide\"><span class=\"et-pb-icon\">\ue03b<\/span><\/span><span class=\"et_pb_group_carousel_arrow et_pb_group_carousel_arrow_next\" role=\"button\" tabindex=\"0\" aria-label=\"Next slide\"><span class=\"et-pb-icon\">\ue03c<\/span><\/span><div class=\"et_pb_group_carousel_dots\"><\/div><\/div>\n\n<div class=\"et_pb_text_16 et_pb_text et_pb_bg_layout_light et_pb_module et_flex_module\"><div class=\"et_pb_text_inner\"><p>Aplikacja<\/p>\n<p>MERIE<\/p>\n<\/div><\/div>\n<\/div>\n<\/div>\n<\/div>\n<\/div>\n\n<div class=\"et_pb_row_22 et_pb_row et_flex_row dl-layout-row\">\n<div class=\"et_pb_row_23 et_pb_row et-vb-row--no-module et_pb_row_nested et_flex_row\">\n<div class=\"et_pb_column_19 et_pb_column et-last-child et_flex_column et_pb_column_empty et_pb_css_mix_blend_mode_passthrough et_flex_column_24_24 et_flex_column_24_24_tablet et_flex_column_24_24_phone\"><\/div>\n<\/div>\n<\/div>\n<\/div>","protected":false},"excerpt":{"rendered":"","protected":false},"author":1,"featured_media":0,"parent":0,"menu_order":0,"comment_status":"closed","ping_status":"closed","template":"","meta":{"footnotes":""},"class_list":["post-1062","page","type-page","status-publish","hentry"],"_links":{"self":[{"href":"https:\/\/datlowe.webfusion.dev\/pl\/wp-json\/wp\/v2\/pages\/1062","targetHints":{"allow":["GET"]}}],"collection":[{"href":"https:\/\/datlowe.webfusion.dev\/pl\/wp-json\/wp\/v2\/pages"}],"about":[{"href":"https:\/\/datlowe.webfusion.dev\/pl\/wp-json\/wp\/v2\/types\/page"}],"author":[{"embeddable":true,"href":"https:\/\/datlowe.webfusion.dev\/pl\/wp-json\/wp\/v2\/users\/1"}],"replies":[{"embeddable":true,"href":"https:\/\/datlowe.webfusion.dev\/pl\/wp-json\/wp\/v2\/comments?post=1062"}],"version-history":[{"count":2,"href":"https:\/\/datlowe.webfusion.dev\/pl\/wp-json\/wp\/v2\/pages\/1062\/revisions"}],"predecessor-version":[{"id":1140,"href":"https:\/\/datlowe.webfusion.dev\/pl\/wp-json\/wp\/v2\/pages\/1062\/revisions\/1140"}],"wp:attachment":[{"href":"https:\/\/datlowe.webfusion.dev\/pl\/wp-json\/wp\/v2\/media?parent=1062"}],"curies":[{"name":"wp","href":"https:\/\/api.w.org\/{rel}","templated":true}]}}