{"id":643,"date":"2026-02-24T16:34:19","date_gmt":"2026-02-24T16:34:19","guid":{"rendered":"https:\/\/datlowe.webfusion.dev\/?page_id=643"},"modified":"2026-03-05T13:05:21","modified_gmt":"2026-03-05T13:05:21","slug":"about","status":"publish","type":"page","link":"https:\/\/datlowe.webfusion.dev\/en\/about\/","title":{"rendered":"About"},"content":{"rendered":"<div class=\"et_pb_section_0 et_pb_section et_section_regular et_flex_section\">\n<div class=\"et_pb_row_0 et_pb_row et_flex_row\">\n<div class=\"et_pb_column_0 et_pb_column et_flex_column et_pb_css_mix_blend_mode_passthrough et_flex_column_12_24 et_flex_column_24_24_tablet et_flex_column_24_24_phone\">\n<div class=\"et_pb_text_0 et_pb_text et_pb_bg_layout_light et_pb_module et_flex_module\"><div class=\"et_pb_text_inner\"><p>We are<\/p>\n<p>on a mission<\/p>\n<p>to make healthcare<\/p>\n<p><em>work\u00a0<\/em>better.<\/p>\n<\/div><\/div>\n\n<div class=\"et_pb_text_1 et_pb_text et_pb_bg_layout_light et_pb_module et_flex_module\"><\/div>\n<\/div>\n\n<div class=\"et_pb_column_1 et_pb_column et-last-child et_flex_column et_pb_css_mix_blend_mode_passthrough et_flex_column_3_5 et_flex_column_3_5_tablet et_flex_column_24_24_phone\">\n<div class=\"et_pb_image_0 et_pb_image et_pb_module et_flex_module\"><span class=\"et_pb_image_wrap\"><img loading=\"lazy\" decoding=\"async\" src=\"https:\/\/datlowe.webfusion.dev\/wp-content\/uploads\/2026\/02\/about-hero.png\" title=\"about-hero\" width=\"836\" height=\"848\" srcset=\"https:\/\/datlowe.webfusion.dev\/wp-content\/uploads\/2026\/02\/about-hero.png 836w, https:\/\/datlowe.webfusion.dev\/wp-content\/uploads\/2026\/02\/about-hero-480x487.png 480w\" sizes=\"(min-width: 0px) and (max-width: 480px) 480px, (min-width: 481px) 836px, 100vw\" class=\"wp-image-647\" \/><\/span><\/div>\n<\/div>\n<\/div>\n<\/div>\n\n<div class=\"et_pb_section_1 et_pb_section et_section_regular et_flex_section dl-string-divider\">\n<div class=\"et_pb_row_1 et_pb_row et-vb-row--no-module et_flex_row\">\n<div class=\"et_pb_column_2 et_pb_column et_flex_column et_pb_column_empty et_pb_css_mix_blend_mode_passthrough et_flex_column_24_24 et_flex_column_24_24_tablet et_flex_column_24_24_phone\"><\/div>\n\n<div class=\"et_pb_column_3 et_pb_column et-last-child et_flex_column et_pb_column_empty et_pb_css_mix_blend_mode_passthrough et_flex_column_24_24 et_flex_column_24_24_tablet et_flex_column_24_24_phone\"><\/div>\n<\/div>\n<\/div>\n\n<div class=\"et_pb_section_2 et_pb_section et_section_regular et_flex_section\">\n<div class=\"et_pb_row_2 et_pb_row et_flex_row dl-layout-row\">\n<div class=\"et_pb_row_3 et_pb_row et_pb_row_nested et_flex_row\">\n<div class=\"et_pb_row_4 et_pb_row et_pb_row_nested et_flex_row\">\n<div class=\"et_pb_column_4 et_pb_column et-last-child et_flex_column et_pb_css_mix_blend_mode_passthrough et_flex_column_24_24 et_flex_column_24_24_tablet et_flex_column_24_24_phone\">\n<div class=\"et_pb_text_2 et_pb_text et_pb_bg_layout_light et_pb_module et_flex_module et_flex_column_14_24 et_flex_column_14_24_tablet et_flex_column_14_24_phone\"><div class=\"et_pb_text_inner\"><p><span data-teams=\"true\"><strong>AI-powered solutions for clinical risk and patient safety<\/strong><\/span><\/p>\n<\/div><\/div>\n<\/div>\n<\/div>\n\n<div class=\"et_pb_row_5 et_pb_row et_pb_row_nested et_flex_row\">\n<div class=\"et_pb_column_5 et_pb_column et_flex_column et_pb_column_empty et_pb_css_mix_blend_mode_passthrough et_flex_column_6_24 et_flex_column_6_24_tablet et_flex_column_6_24_phone\"><\/div>\n\n<div class=\"et_pb_column_6 et_pb_column et-last-child et_flex_column et_pb_css_mix_blend_mode_passthrough et_flex_column_18_24 et_flex_column_18_24_tablet et_flex_column_18_24_phone\">\n<div class=\"et_pb_text_3 et_pb_text et_pb_bg_layout_light et_pb_module et_flex_module\"><div class=\"et_pb_text_inner\"><p><span data-teams=\"true\">By combining advanced AI, data science, and deep clinical expertise we unlock the value hidden in the vast volumes of data hospitals generate every day \u2014 turning it into real-time insight that helps detect risks early and prevent costly adverse events.<\/span><\/p>\n<\/div><\/div>\n<\/div>\n<\/div>\n<\/div>\n<\/div>\n\n<div class=\"et_pb_row_6 et_pb_row et_flex_row dl-layout-row\">\n<div class=\"et_pb_row_7 et_pb_row et-vb-row--no-module et_pb_row_nested et_flex_row\">\n<div class=\"et_pb_column_7 et_pb_column et-last-child et_flex_column et_pb_column_empty et_pb_css_mix_blend_mode_passthrough et_flex_column_24_24 et_flex_column_24_24_tablet et_flex_column_24_24_phone\"><\/div>\n<\/div>\n<\/div>\n<\/div>\n\n<div class=\"et_pb_section_3 et_pb_section et_section_regular et_flex_section\">\n<div class=\"et_pb_row_8 et_pb_row et_flex_row dl-layout-row\">\n<div class=\"et_pb_row_9 et_pb_row et_pb_row_nested et_flex_row\">\n<div class=\"et_pb_row_10 et_pb_row et_pb_row_nested et_flex_row\">\n<div class=\"et_pb_column_8 et_pb_column et_flex_column et_pb_css_mix_blend_mode_passthrough et_flex_column_8_24 et_flex_column_24_24_tablet et_flex_column_24_24_phone\">\n<div class=\"et_pb_text_4 et_pb_text et_pb_bg_layout_light et_pb_module et_flex_module et_flex_column_24_24 et_flex_column_24_24_tablet et_flex_column_24_24_phone\"><div class=\"et_pb_text_inner\"><p><span data-teams=\"true\"><strong>Built in Prague. <\/strong><\/span><span data-teams=\"true\"><strong>Trusted by <\/strong><\/span><span data-teams=\"true\"><strong>hospitals across Europe.<\/strong><\/span><\/p>\n<\/div><\/div>\n\n<div class=\"et_pb_text_5 et_pb_text et_pb_bg_layout_light et_pb_module et_flex_module et_flex_column_24_24 et_flex_column_24_24_tablet et_flex_column_24_24_phone\"><div class=\"et_pb_text_inner\"><p><span data-teams=\"true\">Since 2017 \u2014 at a time when AI and data science in healthcare were still largely a vision for the future \u2014 Datlowe has been working to turn hospital data into practical solutions for clinicians and healthcare providers. <\/span><\/p>\n<p><span data-teams=\"true\">Today, our applications support clinicians and patients in <strong>55+ hospitals across Europe<\/strong>.<\/span><\/p>\n<\/div><\/div>\n<\/div>\n\n<div class=\"et_pb_column_9 et_pb_column et-last-child et_flex_column et_pb_css_mix_blend_mode_passthrough et_flex_column_24_24 et_flex_column_24_24_tablet et_flex_column_24_24_phone\">\n<div class=\"et_pb_image_1 et_pb_image et_pb_module et_flex_module\"><span class=\"et_pb_image_wrap\"><img loading=\"lazy\" decoding=\"async\" src=\"https:\/\/datlowe.webfusion.dev\/wp-content\/uploads\/2026\/03\/coverage-map.png\" title=\"coverage-map\" width=\"1169\" height=\"666\" srcset=\"https:\/\/datlowe.webfusion.dev\/wp-content\/uploads\/2026\/03\/coverage-map.png 1169w, https:\/\/datlowe.webfusion.dev\/wp-content\/uploads\/2026\/03\/coverage-map-980x558.png 980w, https:\/\/datlowe.webfusion.dev\/wp-content\/uploads\/2026\/03\/coverage-map-480x273.png 480w\" sizes=\"(min-width: 0px) and (max-width: 480px) 480px, (min-width: 481px) and (max-width: 980px) 980px, (min-width: 981px) 1169px, 100vw\" class=\"wp-image-925\" \/><\/span><\/div>\n<\/div>\n<\/div>\n<\/div>\n<\/div>\n\n<div class=\"et_pb_row_11 et_pb_row et_flex_row dl-layout-row\">\n<div class=\"et_pb_row_12 et_pb_row et-vb-row--no-module et_pb_row_nested et_flex_row\">\n<div class=\"et_pb_column_10 et_pb_column et-last-child et_flex_column et_pb_column_empty et_pb_css_mix_blend_mode_passthrough et_flex_column_24_24 et_flex_column_24_24_tablet et_flex_column_24_24_phone\"><\/div>\n<\/div>\n<\/div>\n<\/div>\n\n<div class=\"et_pb_section_4 et_pb_section et_section_regular et_flex_section\">\n<div class=\"et_pb_row_13 et_pb_row et_flex_row dl-layout-row\">\n<div class=\"et_pb_row_14 et_pb_row et_pb_row_nested et_flex_row\">\n<div class=\"et_pb_row_15 et_pb_row et_pb_row_nested et_flex_row\">\n<div class=\"et_pb_column_11 et_pb_column et-last-child et_flex_column et_pb_css_mix_blend_mode_passthrough et_flex_column_24_24 et_flex_column_24_24_tablet et_flex_column_24_24_phone\">\n<div class=\"et_pb_group_carousel_0 et_pb_group_carousel et_pb_group et_pb_module et_pb_group_carousel_arrows_outside et_pb_group_carousel_dots_center et_pb_group_carousel_dots_below et_pb_group_carousel_slides_4 logo-coverflow\"><div class=\"et_pb_group_carousel_container\"><div class=\"et_pb_group_carousel_track\"><div class=\"et_pb_group_carousel_slide\"><div class=\"et_pb_group_0 et_pb_group et_pb_module et_flex_group et_pb_css_mix_blend_mode_passthrough\">\n<div class=\"et_pb_image_2 et_pb_image et_pb_module et_flex_module\"><span class=\"et_pb_image_wrap\"><img loading=\"lazy\" decoding=\"async\" src=\"https:\/\/datlowe.webfusion.dev\/wp-content\/uploads\/2026\/02\/logo_transparent_Penta_Hospitals.png\" title=\"logo_transparent_Penta_Hospitals\" width=\"564\" height=\"129\" srcset=\"https:\/\/datlowe.webfusion.dev\/wp-content\/uploads\/2026\/02\/logo_transparent_Penta_Hospitals.png 564w, https:\/\/datlowe.webfusion.dev\/wp-content\/uploads\/2026\/02\/logo_transparent_Penta_Hospitals-480x110.png 480w\" sizes=\"(min-width: 0px) and (max-width: 480px) 480px, (min-width: 481px) 564px, 100vw\" class=\"wp-image-653\" \/><\/span><\/div>\n<\/div><\/div><div class=\"et_pb_group_carousel_slide\"><div class=\"et_pb_group_1 et_pb_group et_pb_module et_flex_group et_pb_css_mix_blend_mode_passthrough\">\n<div class=\"et_pb_image_3 et_pb_image et_pb_module et_flex_module\"><span class=\"et_pb_image_wrap\"><img loading=\"lazy\" decoding=\"async\" src=\"https:\/\/datlowe.webfusion.dev\/wp-content\/uploads\/2026\/02\/logo_transparent2_FN_Trnava.png\" title=\"logo_transparent2_FN_Trnava\" width=\"376\" height=\"97\" srcset=\"https:\/\/datlowe.webfusion.dev\/wp-content\/uploads\/2026\/02\/logo_transparent2_FN_Trnava.png 376w, https:\/\/datlowe.webfusion.dev\/wp-content\/uploads\/2026\/02\/logo_transparent2_FN_Trnava-300x77.png 300w\" sizes=\"(max-width: 376px) 100vw, 376px\" class=\"wp-image-655\" \/><\/span><\/div>\n<\/div><\/div><div class=\"et_pb_group_carousel_slide\"><div class=\"et_pb_group_2 et_pb_group et_pb_module et_flex_group et_pb_css_mix_blend_mode_passthrough\">\n<div class=\"et_pb_image_4 et_pb_image et_pb_module et_flex_module\"><span class=\"et_pb_image_wrap\"><img loading=\"lazy\" decoding=\"async\" src=\"https:\/\/datlowe.webfusion.dev\/wp-content\/uploads\/2026\/02\/logo_transparent_FN_Motol.png\" title=\"logo_transparent_FN_Motol\" width=\"1083\" height=\"1151\" srcset=\"https:\/\/datlowe.webfusion.dev\/wp-content\/uploads\/2026\/02\/logo_transparent_FN_Motol.png 1083w, https:\/\/datlowe.webfusion.dev\/wp-content\/uploads\/2026\/02\/logo_transparent_FN_Motol-980x1042.png 980w, https:\/\/datlowe.webfusion.dev\/wp-content\/uploads\/2026\/02\/logo_transparent_FN_Motol-480x510.png 480w\" sizes=\"(min-width: 0px) and (max-width: 480px) 480px, (min-width: 481px) and (max-width: 980px) 980px, (min-width: 981px) 1083px, 100vw\" class=\"wp-image-661\" \/><\/span><\/div>\n<\/div><\/div><div class=\"et_pb_group_carousel_slide\"><div class=\"et_pb_group_3 et_pb_group et_pb_module et_flex_group et_pb_css_mix_blend_mode_passthrough\">\n<div class=\"et_pb_image_5 et_pb_image et_pb_module et_flex_module\"><span class=\"et_pb_image_wrap\"><img loading=\"lazy\" decoding=\"async\" src=\"https:\/\/datlowe.webfusion.dev\/wp-content\/uploads\/2026\/02\/logo_transparent_Vinzenz_Gruppe.png\" title=\"logo_transparent_Vinzenz_Gruppe\" width=\"446\" height=\"172\" srcset=\"https:\/\/datlowe.webfusion.dev\/wp-content\/uploads\/2026\/02\/logo_transparent_Vinzenz_Gruppe.png 446w, https:\/\/datlowe.webfusion.dev\/wp-content\/uploads\/2026\/02\/logo_transparent_Vinzenz_Gruppe-300x116.png 300w\" sizes=\"(max-width: 446px) 100vw, 446px\" class=\"wp-image-665\" \/><\/span><\/div>\n<\/div><\/div><div class=\"et_pb_group_carousel_slide\"><div class=\"et_pb_group_4 et_pb_group et_pb_module et_flex_group et_pb_css_mix_blend_mode_passthrough\">\n<div class=\"et_pb_image_6 et_pb_image et_pb_module et_flex_module\"><span class=\"et_pb_image_wrap\"><img loading=\"lazy\" decoding=\"async\" src=\"https:\/\/datlowe.webfusion.dev\/wp-content\/uploads\/2026\/02\/logo_transparent_Barmherzige_Schwestern_Krankenhaus_Ried.png\" title=\"logo_transparent_Barmherzige_Schwestern_Krankenhaus_Ried\" width=\"243\" height=\"92\" sizes=\"(max-width: 243px) 100vw, 243px\" class=\"wp-image-659\" \/><\/span><\/div>\n<\/div><\/div><div class=\"et_pb_group_carousel_slide\"><div class=\"et_pb_group_5 et_pb_group et_pb_module et_flex_group et_pb_css_mix_blend_mode_passthrough\">\n<div class=\"et_pb_image_7 et_pb_image et_pb_module et_flex_module\"><span class=\"et_pb_image_wrap\"><img loading=\"lazy\" decoding=\"async\" src=\"https:\/\/datlowe.webfusion.dev\/wp-content\/uploads\/2026\/02\/logo_transparent_Gottlicher_Heiland_Krankenhaus_Wien.png\" title=\"logo_transparent_Gottlicher_Heiland_Krankenhaus_Wien\" width=\"294\" height=\"109\" sizes=\"(max-width: 294px) 100vw, 294px\" class=\"wp-image-662\" \/><\/span><\/div>\n<\/div><\/div><div class=\"et_pb_group_carousel_slide\"><div class=\"et_pb_group_6 et_pb_group et_pb_module et_flex_group et_pb_css_mix_blend_mode_passthrough\">\n<div class=\"et_pb_image_8 et_pb_image et_pb_module et_flex_module\"><span class=\"et_pb_image_wrap\"><img loading=\"lazy\" decoding=\"async\" src=\"https:\/\/datlowe.webfusion.dev\/wp-content\/uploads\/2026\/02\/logo_transparent_Herz_Jesu_Krankenhaus_Wien.png\" title=\"logo_transparent_Herz_Jesu_Krankenhaus_Wien\" width=\"794\" height=\"198\" srcset=\"https:\/\/datlowe.webfusion.dev\/wp-content\/uploads\/2026\/02\/logo_transparent_Herz_Jesu_Krankenhaus_Wien.png 794w, https:\/\/datlowe.webfusion.dev\/wp-content\/uploads\/2026\/02\/logo_transparent_Herz_Jesu_Krankenhaus_Wien-480x120.png 480w\" sizes=\"(min-width: 0px) and (max-width: 480px) 480px, (min-width: 481px) 794px, 100vw\" class=\"wp-image-663\" \/><\/span><\/div>\n<\/div><\/div><div class=\"et_pb_group_carousel_slide\"><div class=\"et_pb_group_7 et_pb_group et_pb_module et_flex_group et_pb_css_mix_blend_mode_passthrough\">\n<div class=\"et_pb_image_9 et_pb_image et_pb_module et_flex_module\"><span class=\"et_pb_image_wrap\"><img loading=\"lazy\" decoding=\"async\" src=\"https:\/\/datlowe.webfusion.dev\/wp-content\/uploads\/2026\/02\/logo_transparent_Orthopadisches_Spital_Speising.png\" title=\"logo_transparent_Orthopadisches_Spital_Speising\" width=\"730\" height=\"229\" srcset=\"https:\/\/datlowe.webfusion.dev\/wp-content\/uploads\/2026\/02\/logo_transparent_Orthopadisches_Spital_Speising.png 730w, https:\/\/datlowe.webfusion.dev\/wp-content\/uploads\/2026\/02\/logo_transparent_Orthopadisches_Spital_Speising-480x151.png 480w\" sizes=\"(min-width: 0px) and (max-width: 480px) 480px, (min-width: 481px) 730px, 100vw\" class=\"wp-image-664\" \/><\/span><\/div>\n<\/div><\/div><div class=\"et_pb_group_carousel_slide\"><div class=\"et_pb_group_8 et_pb_group et_pb_module et_flex_group et_pb_css_mix_blend_mode_passthrough\">\n<div class=\"et_pb_image_10 et_pb_image et_pb_module et_flex_module\"><span class=\"et_pb_image_wrap\"><img loading=\"lazy\" decoding=\"async\" src=\"https:\/\/datlowe.webfusion.dev\/wp-content\/uploads\/2026\/02\/logo_transparent2_Krajska_N_Liberec.png\" title=\"logo_transparent2_Krajsk\u00e1_N_Liberec\" width=\"900\" height=\"900\" srcset=\"https:\/\/datlowe.webfusion.dev\/wp-content\/uploads\/2026\/02\/logo_transparent2_Krajska_N_Liberec.png 900w, https:\/\/datlowe.webfusion.dev\/wp-content\/uploads\/2026\/02\/logo_transparent2_Krajska_N_Liberec-480x480.png 480w\" sizes=\"(min-width: 0px) and (max-width: 480px) 480px, (min-width: 481px) 900px, 100vw\" class=\"wp-image-666\" \/><\/span><\/div>\n<\/div><\/div><div class=\"et_pb_group_carousel_slide\"><div class=\"et_pb_group_9 et_pb_group et_pb_module et_flex_group et_pb_css_mix_blend_mode_passthrough\">\n<div class=\"et_pb_image_11 et_pb_image et_pb_module et_flex_module\"><span class=\"et_pb_image_wrap\"><img loading=\"lazy\" decoding=\"async\" src=\"https:\/\/datlowe.webfusion.dev\/wp-content\/uploads\/2026\/02\/logo_transparent_N_Jihlava.png\" title=\"logo_transparent_N_Jihlava\" width=\"512\" height=\"512\" srcset=\"https:\/\/datlowe.webfusion.dev\/wp-content\/uploads\/2026\/02\/logo_transparent_N_Jihlava.png 512w, https:\/\/datlowe.webfusion.dev\/wp-content\/uploads\/2026\/02\/logo_transparent_N_Jihlava-480x480.png 480w\" sizes=\"(min-width: 0px) and (max-width: 480px) 480px, (min-width: 481px) 512px, 100vw\" class=\"wp-image-657\" \/><\/span><\/div>\n<\/div><\/div><div class=\"et_pb_group_carousel_slide\"><div class=\"et_pb_group_10 et_pb_group et_pb_module et_flex_group et_pb_css_mix_blend_mode_passthrough\">\n<div class=\"et_pb_image_12 et_pb_image et_pb_module et_flex_module\"><span class=\"et_pb_image_wrap\"><img loading=\"lazy\" decoding=\"async\" src=\"https:\/\/datlowe.webfusion.dev\/wp-content\/uploads\/2026\/02\/logo_transparent_N_Havirov.png\" title=\"logo_transparent_N_Hav\u00ed\u0159ov\" width=\"260\" height=\"392\" srcset=\"https:\/\/datlowe.webfusion.dev\/wp-content\/uploads\/2026\/02\/logo_transparent_N_Havirov.png 260w, https:\/\/datlowe.webfusion.dev\/wp-content\/uploads\/2026\/02\/logo_transparent_N_Havirov-199x300.png 199w\" sizes=\"(max-width: 260px) 100vw, 260px\" class=\"wp-image-656\" \/><\/span><\/div>\n<\/div><\/div><div class=\"et_pb_group_carousel_slide\"><div class=\"et_pb_group_11 et_pb_group et_pb_module et_flex_group et_pb_css_mix_blend_mode_passthrough\">\n<div class=\"et_pb_image_13 et_pb_image et_pb_module et_flex_module\"><span class=\"et_pb_image_wrap\"><img loading=\"lazy\" decoding=\"async\" src=\"https:\/\/datlowe.webfusion.dev\/wp-content\/uploads\/2026\/02\/logo_transparent1_N_Ceske_Budejovice-scaled.png\" title=\"logo_transparent1_N_\u010cesk\u00e9_Bud\u011bjovice\" width=\"2560\" height=\"774\" srcset=\"https:\/\/datlowe.webfusion.dev\/wp-content\/uploads\/2026\/02\/logo_transparent1_N_Ceske_Budejovice-scaled.png 2560w, https:\/\/datlowe.webfusion.dev\/wp-content\/uploads\/2026\/02\/logo_transparent1_N_Ceske_Budejovice-1280x387.png 1280w, https:\/\/datlowe.webfusion.dev\/wp-content\/uploads\/2026\/02\/logo_transparent1_N_Ceske_Budejovice-980x296.png 980w, https:\/\/datlowe.webfusion.dev\/wp-content\/uploads\/2026\/02\/logo_transparent1_N_Ceske_Budejovice-480x145.png 480w\" sizes=\"(min-width: 0px) and (max-width: 480px) 480px, (min-width: 481px) and (max-width: 980px) 980px, (min-width: 981px) and (max-width: 1280px) 1280px, (min-width: 1281px) 2560px, 100vw\" class=\"wp-image-654\" \/><\/span><\/div>\n<\/div><\/div><div class=\"et_pb_group_carousel_slide\"><div class=\"et_pb_group_12 et_pb_group et_pb_module et_flex_group et_pb_css_mix_blend_mode_passthrough\">\n<div class=\"et_pb_image_14 et_pb_image et_pb_module et_flex_module\"><span class=\"et_pb_image_wrap\"><img loading=\"lazy\" decoding=\"async\" src=\"https:\/\/datlowe.webfusion.dev\/wp-content\/uploads\/2026\/02\/logo_transparent_N_Jindrichuv_Hradec.png\" title=\"logo_transparent_N_Jind\u0159ich\u016fv_Hradec\" width=\"1280\" height=\"432\" srcset=\"https:\/\/datlowe.webfusion.dev\/wp-content\/uploads\/2026\/02\/logo_transparent_N_Jindrichuv_Hradec.png 1280w, https:\/\/datlowe.webfusion.dev\/wp-content\/uploads\/2026\/02\/logo_transparent_N_Jindrichuv_Hradec-980x331.png 980w, https:\/\/datlowe.webfusion.dev\/wp-content\/uploads\/2026\/02\/logo_transparent_N_Jindrichuv_Hradec-480x162.png 480w\" sizes=\"(min-width: 0px) and (max-width: 480px) 480px, (min-width: 481px) and (max-width: 980px) 980px, (min-width: 981px) 1280px, 100vw\" class=\"wp-image-658\" \/><\/span><\/div>\n<\/div><\/div><div class=\"et_pb_group_carousel_slide\"><div class=\"et_pb_group_13 et_pb_group et-last-child et_pb_module et_flex_group et_pb_css_mix_blend_mode_passthrough\">\n<div class=\"et_pb_image_15 et_pb_image et_pb_module et_flex_module\"><span class=\"et_pb_image_wrap\"><img loading=\"lazy\" decoding=\"async\" src=\"https:\/\/datlowe.webfusion.dev\/wp-content\/uploads\/2026\/02\/logo_transparent_FN_Brno.png\" title=\"logo_transparent_FN_Brno\" width=\"910\" height=\"322\" srcset=\"https:\/\/datlowe.webfusion.dev\/wp-content\/uploads\/2026\/02\/logo_transparent_FN_Brno.png 910w, https:\/\/datlowe.webfusion.dev\/wp-content\/uploads\/2026\/02\/logo_transparent_FN_Brno-480x170.png 480w\" sizes=\"(min-width: 0px) and (max-width: 480px) 480px, (min-width: 481px) 910px, 100vw\" class=\"wp-image-660\" \/><\/span><\/div>\n<\/div><\/div><\/div><\/div><span class=\"et_pb_group_carousel_arrow et_pb_group_carousel_arrow_prev\" role=\"button\" tabindex=\"0\" aria-label=\"Previous slide\"><span class=\"et-pb-icon\">4<\/span><\/span><span class=\"et_pb_group_carousel_arrow et_pb_group_carousel_arrow_next\" role=\"button\" tabindex=\"0\" aria-label=\"Next slide\"><span class=\"et-pb-icon\">5<\/span><\/span><div class=\"et_pb_group_carousel_dots\"><\/div><\/div>\n<\/div>\n<\/div>\n<\/div>\n<\/div>\n<\/div>\n\n<div class=\"et_pb_section_5 et_pb_section et_section_regular et_flex_section dl-string-divider\">\n<div class=\"et_pb_row_16 et_pb_row et-vb-row--no-module et_flex_row\">\n<div class=\"et_pb_column_12 et_pb_column et_flex_column et_pb_column_empty et_pb_css_mix_blend_mode_passthrough et_flex_column_24_24 et_flex_column_24_24_tablet et_flex_column_24_24_phone\"><\/div>\n\n<div class=\"et_pb_column_13 et_pb_column et_flex_column et_pb_column_empty et_pb_css_mix_blend_mode_passthrough et_flex_column_24_24 et_flex_column_24_24_tablet et_flex_column_24_24_phone\"><\/div>\n\n<div class=\"et_pb_column_14 et_pb_column et-last-child et_flex_column et_pb_column_empty et_pb_css_mix_blend_mode_passthrough et_flex_column_24_24 et_flex_column_24_24_tablet et_flex_column_24_24_phone\"><\/div>\n<\/div>\n<\/div>","protected":false},"excerpt":{"rendered":"","protected":false},"author":1,"featured_media":0,"parent":0,"menu_order":0,"comment_status":"closed","ping_status":"closed","template":"","meta":{"footnotes":""},"class_list":["post-643","page","type-page","status-publish","hentry"],"_links":{"self":[{"href":"https:\/\/datlowe.webfusion.dev\/en\/wp-json\/wp\/v2\/pages\/643","targetHints":{"allow":["GET"]}}],"collection":[{"href":"https:\/\/datlowe.webfusion.dev\/en\/wp-json\/wp\/v2\/pages"}],"about":[{"href":"https:\/\/datlowe.webfusion.dev\/en\/wp-json\/wp\/v2\/types\/page"}],"author":[{"embeddable":true,"href":"https:\/\/datlowe.webfusion.dev\/en\/wp-json\/wp\/v2\/users\/1"}],"replies":[{"embeddable":true,"href":"https:\/\/datlowe.webfusion.dev\/en\/wp-json\/wp\/v2\/comments?post=643"}],"version-history":[{"count":27,"href":"https:\/\/datlowe.webfusion.dev\/en\/wp-json\/wp\/v2\/pages\/643\/revisions"}],"predecessor-version":[{"id":1027,"href":"https:\/\/datlowe.webfusion.dev\/en\/wp-json\/wp\/v2\/pages\/643\/revisions\/1027"}],"wp:attachment":[{"href":"https:\/\/datlowe.webfusion.dev\/en\/wp-json\/wp\/v2\/media?parent=643"}],"curies":[{"name":"wp","href":"https:\/\/api.w.org\/{rel}","templated":true}]}}