{"id":1093,"date":"2026-02-24T11:30:27","date_gmt":"2026-02-24T11:30:27","guid":{"rendered":"https:\/\/datlowe.webfusion.dev\/?page_id=1093"},"modified":"2026-03-06T09:18:46","modified_gmt":"2026-03-06T09:18:46","slug":"merie","status":"publish","type":"page","link":"https:\/\/datlowe.webfusion.dev\/de\/merie\/","title":{"rendered":"MERIE"},"content":{"rendered":"<div class=\"et_pb_section_0 et_pb_section et_section_regular et_flex_section\">\n<div class=\"et_pb_row_0 et_pb_row et_flex_row\">\n<div class=\"et_pb_column_0 et_pb_column et_flex_column et_pb_css_mix_blend_mode_passthrough et_flex_column_12_24 et_flex_column_24_24_tablet et_flex_column_24_24_phone\">\n<div class=\"et_pb_text_0 et_pb_text et_pb_bg_layout_light et_pb_module et_flex_module\"><div class=\"et_pb_text_inner\"><p>Virtueller Assistent<\/p>\n<p>zur Erkennung von Medikationsrisiken<\/p>\n<p>&nbsp;<\/p>\n<\/div><\/div>\n\n<div class=\"et_pb_text_1 et_pb_text et_pb_bg_layout_light et_pb_module et_flex_module\"><div class=\"et_pb_text_inner\"><p><span data-teams=\"true\">MERIE analysiert Patientenakten in Echtzeit, um Risiken der Pharmakotherapie zu erkennen, eine sicherere Verschreibung zu unterst\u00fctzen und wertvolle klinische Zeit freizusetzen<\/span><\/p>\n<\/div><\/div>\n<\/div>\n\n<div class=\"et_pb_column_1 et_pb_column et-last-child et_flex_column et_pb_css_mix_blend_mode_passthrough et_flex_column_3_5 et_flex_column_3_5_tablet et_flex_column_24_24_phone\">\n<div class=\"et_pb_image_0 et_pb_image et_pb_module et_flex_module\"><span class=\"et_pb_image_wrap\"><img loading=\"lazy\" decoding=\"async\" src=\"https:\/\/datlowe.webfusion.dev\/wp-content\/uploads\/2026\/02\/merie-hero.png\" title=\"merie-hero\" width=\"836\" height=\"848\" srcset=\"https:\/\/datlowe.webfusion.dev\/wp-content\/uploads\/2026\/02\/merie-hero.png 836w, https:\/\/datlowe.webfusion.dev\/wp-content\/uploads\/2026\/02\/merie-hero-480x487.png 480w\" sizes=\"(min-width: 0px) and (max-width: 480px) 480px, (min-width: 481px) 836px, 100vw\" class=\"wp-image-606\" \/><\/span><\/div>\n<\/div>\n<\/div>\n<\/div>\n\n<div class=\"et_pb_section_1 et_pb_section et_section_regular et_flex_section dl-string-divider\">\n<div class=\"et_pb_row_1 et_pb_row et-vb-row--no-module et_flex_row\">\n<div class=\"et_pb_column_2 et_pb_column et_flex_column et_pb_column_empty et_pb_css_mix_blend_mode_passthrough et_flex_column_24_24 et_flex_column_24_24_tablet et_flex_column_24_24_phone\"><\/div>\n\n<div class=\"et_pb_column_3 et_pb_column et-last-child et_flex_column et_pb_column_empty et_pb_css_mix_blend_mode_passthrough et_flex_column_24_24 et_flex_column_24_24_tablet et_flex_column_24_24_phone\"><\/div>\n<\/div>\n<\/div>\n\n<div class=\"et_pb_section_2 et_pb_section et_section_regular et_flex_section\">\n<div class=\"et_pb_row_2 et_pb_row et_flex_row dl-layout-row\">\n<div class=\"et_pb_row_3 et_pb_row et_pb_row_nested et_flex_row\">\n<div class=\"et_pb_row_4 et_pb_row et_pb_row_nested et_flex_row\">\n<div class=\"et_pb_column_4 et_pb_column et-last-child et_flex_column et_pb_css_mix_blend_mode_passthrough et_flex_column_24_24 et_flex_column_24_24_tablet et_flex_column_24_24_phone\">\n<div class=\"et_pb_text_2 et_pb_text et_pb_bg_layout_light et_pb_module et_flex_module et_flex_column_14_24 et_flex_column_14_24_tablet et_flex_column_14_24_phone\"><div class=\"et_pb_text_inner\"><p>Medikationsfehler geh\u00f6ren zu den h\u00e4ufigsten unerw\u00fcnschten Ereignissen in Krankenh\u00e4usern und stellen ein erhebliches Risiko f\u00fcr Patienten sowie betr\u00e4chtliche Kosten f\u00fcr Gesundheitsdienstleister dar.<\/p>\n<\/div><\/div>\n<\/div>\n<\/div>\n\n<div class=\"et_pb_row_5 et_pb_row et_pb_row_nested et_flex_row\">\n<div class=\"et_pb_column_5 et_pb_column et_flex_column et_pb_column_empty et_pb_css_mix_blend_mode_passthrough et_flex_column_6_24 et_flex_column_6_24_tablet et_flex_column_6_24_phone\"><\/div>\n\n<div class=\"et_pb_column_6 et_pb_column et-last-child et_flex_column et_pb_css_mix_blend_mode_passthrough et_flex_column_18_24 et_flex_column_18_24_tablet et_flex_column_18_24_phone\">\n<div class=\"et_pb_text_3 et_pb_text et_pb_bg_layout_light et_pb_module et_flex_module\"><div class=\"et_pb_text_inner\"><p><span data-teams=\"true\">Wichtige Risikoinformationen sind oft bereits in Verschreibungen, Laborbefunden und klinischen Notizen vorhanden \u2013 aber durch manuelle \u00dcberpr\u00fcfung schwer rechtzeitig zu verkn\u00fcpfen. MERIE durchsucht kontinuierlich Patientenakten nach Risiken der Pharmakotherapie, hebt relevante Probleme in Echtzeit hervor und liefert den klinischen Kontext, der f\u00fcr fr\u00fchzeitiges Handeln erforderlich ist. <\/span><\/p>\n<\/div><\/div>\n<\/div>\n<\/div>\n<\/div>\n<\/div>\n\n<div class=\"et_pb_row_6 et_pb_row et_flex_row dl-layout-row\">\n<div class=\"et_pb_row_7 et_pb_row et-vb-row--no-module et_pb_row_nested et_flex_row\">\n<div class=\"et_pb_column_7 et_pb_column et-last-child et_flex_column et_pb_column_empty et_pb_css_mix_blend_mode_passthrough et_flex_column_24_24 et_flex_column_24_24_tablet et_flex_column_24_24_phone\"><\/div>\n<\/div>\n<\/div>\n<\/div>\n\n<div class=\"et_pb_section_3 et_pb_section et_section_regular et_flex_section\">\n<div class=\"et_pb_row_8 et_pb_row et_flex_row dl-layout-row\">\n<div class=\"et_pb_row_9 et_pb_row et_pb_row_nested et_flex_row\">\n<div class=\"et_pb_row_10 et_pb_row et_pb_row_nested et_flex_row\">\n<div class=\"et_pb_column_8 et_pb_column et_flex_column et_pb_css_mix_blend_mode_passthrough et_flex_column_6_24 et_flex_column_24_24_tablet et_flex_column_24_24_phone\">\n<div class=\"et_pb_text_4 et_pb_text et_pb_bg_layout_light et_pb_module et_flex_module\"><div class=\"et_pb_text_inner\"><p>Medikations<\/p>\n<p> risiko-Einblick<\/p>\n<\/div><\/div>\n<\/div>\n\n<div class=\"et_pb_column_9 et_pb_column et-last-child et_flex_column et_pb_css_mix_blend_mode_passthrough et_flex_column_18_24 et_flex_column_24_24_tablet et_flex_column_24_24_phone\">\n<div class=\"et_pb_row_11 et_pb_row et_pb_row_nested et_flex_row dl-merie-benefits\">\n<div class=\"et_pb_column_10 et_pb_column et_flex_column et_pb_css_mix_blend_mode_passthrough et_flex_column_12_24 et_flex_column_12_24_tablet et_flex_column_24_24_phone\">\n<div class=\"et_pb_image_1 et_pb_image et_pb_module et_flex_module\"><span class=\"et_pb_image_wrap\"><img loading=\"lazy\" decoding=\"async\" src=\"https:\/\/datlowe.webfusion.dev\/wp-content\/uploads\/2026\/02\/pills.png\" title=\"pills\" width=\"69\" height=\"73\" sizes=\"(max-width: 69px) 100vw, 69px\" class=\"wp-image-613\" \/><\/span><\/div>\n\n<div class=\"et_pb_toggle_0 et_pb_toggle et_pb_toggle_item et_pb_toggle_close et_pb_module et_flex_module\"><h5 class=\"et_pb_toggle_title\">Fr\u00fchzeitige Erkennung von Medikationsrisiken<\/h5><div class=\"et_pb_toggle_content clearfix et_flex_module\"><p>MERIE durchsucht kontinuierlich Patientenakten nach Risiken der Pharmakotherapie und hebt die Patienten hervor, die am dringendsten klinische Aufmerksamkeit ben\u00f6tigen.<\/p>\n<\/div><\/div>\n<\/div>\n\n<div class=\"et_pb_column_11 et_pb_column et_flex_column et_pb_css_mix_blend_mode_passthrough et_flex_column_12_24 et_flex_column_12_24_tablet et_flex_column_24_24_phone\">\n<div class=\"et_pb_image_2 et_pb_image et_pb_module et_flex_module\"><span class=\"et_pb_image_wrap\"><img loading=\"lazy\" decoding=\"async\" src=\"https:\/\/datlowe.webfusion.dev\/wp-content\/uploads\/2026\/02\/prescription.png\" title=\"prescription\" width=\"58\" height=\"73\" sizes=\"(max-width: 58px) 100vw, 58px\" class=\"wp-image-612\" \/><\/span><\/div>\n\n<div class=\"et_pb_toggle_1 et_pb_toggle et_pb_toggle_item et_pb_toggle_close et_pb_module et_flex_module\"><h5 class=\"et_pb_toggle_title\">Sicherere Verschreibung und weniger unerw\u00fcnschte Ereignisse<\/h5><div class=\"et_pb_toggle_content clearfix et_flex_module\"><p>Durch das Hervorheben von Hochrisikosituationen hilft MERIE, unerw\u00fcnschte Arzneimittelereignisse zu verhindern und unterst\u00fctzt eine sicherere, zuverl\u00e4ssigere Verschreibung.<\/p>\n<\/div><\/div>\n<\/div>\n\n<div class=\"et_pb_column_12 et_pb_column et_flex_column et_pb_css_mix_blend_mode_passthrough et_flex_column_12_24 et_flex_column_12_24_tablet et_flex_column_24_24_phone\">\n<div class=\"et_pb_image_3 et_pb_image et_pb_module et_flex_module\"><span class=\"et_pb_image_wrap\"><img loading=\"lazy\" decoding=\"async\" src=\"https:\/\/datlowe.webfusion.dev\/wp-content\/uploads\/2026\/02\/calendar.png\" title=\"calendar\" width=\"64\" height=\"67\" sizes=\"(max-width: 64px) 100vw, 64px\" class=\"wp-image-611\" \/><\/span><\/div>\n\n<div class=\"et_pb_toggle_2 et_pb_toggle et_pb_toggle_item et_pb_toggle_close et_pb_module et_flex_module\"><h5 class=\"et_pb_toggle_title\">Weniger manuelle \u00dcberpr\u00fcfung, mehr Zeit f\u00fcr die Versorgung<\/h5><div class=\"et_pb_toggle_content clearfix et_flex_module\"><p>MERIE reduziert die manuelle Daten\u00fcberpr\u00fcfung um bis zu 90 % und gibt klinischen Pharmazeuten mehr Zeit f\u00fcr die Patientenversorgung, w\u00e4hrend gleichzeitig ein klarer, datengest\u00fctzter \u00dcberblick \u00fcber Medikationsrisiken und Trends im gesamten Krankenhaus bereitgestellt wird.<\/p>\n<\/div><\/div>\n<\/div>\n\n<div class=\"et_pb_column_13 et_pb_column et-last-child et_flex_column et_pb_css_mix_blend_mode_passthrough et_flex_column_12_24 et_flex_column_12_24_tablet et_flex_column_24_24_phone\">\n<div class=\"et_pb_image_4 et_pb_image et_pb_module et_flex_module\"><span class=\"et_pb_image_wrap\"><img loading=\"lazy\" decoding=\"async\" src=\"https:\/\/datlowe.webfusion.dev\/wp-content\/uploads\/2026\/02\/money.png\" title=\"money\" width=\"74\" height=\"73\" sizes=\"(max-width: 74px) 100vw, 74px\" class=\"wp-image-610\" \/><\/span><\/div>\n\n<div class=\"et_pb_toggle_3 et_pb_toggle et_pb_toggle_item et_pb_toggle_close et_pb_module et_flex_module\"><h5 class=\"et_pb_toggle_title\">Pr\u00e4vention, die Ergebnisse verbessert<\/h5><div class=\"et_pb_toggle_content clearfix et_flex_module\"><p>Die fr\u00fchzeitige Erkennung von Medikationsrisiken hilft, Komplikationen zu verhindern, Krankenhausaufenthalte zu verk\u00fcrzen und vermeidbare klinische und finanzielle Kosten zu reduzieren.<\/p>\n<\/div><\/div>\n<\/div>\n<\/div>\n<\/div>\n<\/div>\n<\/div>\n<\/div>\n\n<div class=\"et_pb_row_12 et_pb_row et_flex_row dl-layout-row\">\n<div class=\"et_pb_row_13 et_pb_row et-vb-row--no-module et_pb_row_nested et_flex_row\">\n<div class=\"et_pb_column_14 et_pb_column et-last-child et_flex_column et_pb_column_empty et_pb_css_mix_blend_mode_passthrough et_flex_column_24_24 et_flex_column_24_24_tablet et_flex_column_24_24_phone\"><\/div>\n<\/div>\n<\/div>\n<\/div>\n\n<div class=\"et_pb_section_4 et_pb_section et_section_regular et_flex_section\">\n<div class=\"et_pb_row_14 et_pb_row et_flex_row dl-layout-row\">\n<div class=\"et_pb_row_15 et_pb_row et_pb_row_nested et_flex_row\">\n<div class=\"et_pb_row_16 et_pb_row et_pb_row_nested et_flex_row\">\n<div class=\"et_pb_column_15 et_pb_column et_flex_column et_pb_css_mix_blend_mode_passthrough et_flex_column_8_24 et_flex_column_8_24_tablet et_flex_column_8_24_phone\">\n<div class=\"et_pb_text_5 et_pb_text et_pb_bg_layout_light et_pb_module et_flex_module et_flex_column_14_24 et_flex_column_14_24_tablet et_flex_column_14_24_phone dl-merie-tag\"><div class=\"et_pb_text_inner\"><p>MERIE<\/p>\n<\/div><\/div>\n\n<div class=\"et_pb_text_6 et_pb_text et_pb_bg_layout_light et_pb_module et_flex_module et_flex_column_24_24 et_flex_column_24_24_tablet et_flex_column_24_24_phone\"><div class=\"et_pb_text_inner\"><p>Wie MERIE<\/p>\n<p><span style=\"font-size: 64px;\">funktioniert?<\/span><\/p>\n<\/div><\/div>\n\n<div class=\"et_pb_divider_0 et_pb_divider et_pb_space et_pb_divider_position_top et_pb_module\"><div class=\"et_pb_divider_internal\"><\/div><\/div>\n\n<div class=\"et_pb_text_7 et_pb_text et_pb_bg_layout_light et_pb_module et_flex_module et_flex_column_24_24 et_flex_column_24_24_tablet et_flex_column_24_24_phone\"><div class=\"et_pb_text_inner\"><p><span data-teams=\"true\">MERIE identifiziert kontinuierlich pharmakotherapiebezogene Risiken und liefert den klinischen Kontext, der f\u00fcr fr\u00fchzeitiges Handeln erforderlich ist. Anstatt Stunden mit der manuellen \u00dcberpr\u00fcfung von Patientenakten zu verbringen, erhalten klinische Pharmazeuten einen klaren \u00dcberblick \u00fcber Medikationsrisiken mit direkten Verweisen auf die klinischen Notizen und Laborbefunde hinter jedem Alarm. <\/span><\/p>\n<\/div><\/div>\n<\/div>\n\n<div class=\"et_pb_column_16 et_pb_column et-last-child et_flex_column et_pb_css_mix_blend_mode_passthrough et_flex_column_24_24 et_flex_column_24_24_tablet et_flex_column_24_24_phone\">\n<div class=\"et_pb_image_5 et_pb_image et_pb_module et_flex_module\"><span class=\"et_pb_image_wrap\"><img loading=\"lazy\" decoding=\"async\" src=\"https:\/\/datlowe.webfusion.dev\/wp-content\/uploads\/2026\/02\/howitworks.png\" title=\"howitworks\" width=\"1150\" height=\"662\" srcset=\"https:\/\/datlowe.webfusion.dev\/wp-content\/uploads\/2026\/02\/howitworks.png 1150w, https:\/\/datlowe.webfusion.dev\/wp-content\/uploads\/2026\/02\/howitworks-980x564.png 980w, https:\/\/datlowe.webfusion.dev\/wp-content\/uploads\/2026\/02\/howitworks-480x276.png 480w\" sizes=\"(min-width: 0px) and (max-width: 480px) 480px, (min-width: 481px) and (max-width: 980px) 980px, (min-width: 981px) 1150px, 100vw\" class=\"wp-image-462\" \/><\/span><\/div>\n<\/div>\n<\/div>\n<\/div>\n<\/div>\n\n<div class=\"et_pb_row_17 et_pb_row et_flex_row dl-layout-row\">\n<div class=\"et_pb_row_18 et_pb_row et-vb-row--no-module et_pb_row_nested et_flex_row\">\n<div class=\"et_pb_column_17 et_pb_column et-last-child et_flex_column et_pb_column_empty et_pb_css_mix_blend_mode_passthrough et_flex_column_24_24 et_flex_column_24_24_tablet et_flex_column_24_24_phone\"><\/div>\n<\/div>\n<\/div>\n<\/div>\n\n<div class=\"et_pb_section_5 et_pb_section et_section_regular et_flex_section\">\n<div class=\"et_pb_row_19 et_pb_row et_flex_row dl-layout-row\">\n<div class=\"et_pb_row_20 et_pb_row et_pb_row_nested et_flex_row\">\n<div class=\"et_pb_row_21 et_pb_row et_pb_row_nested et_flex_row\">\n<div class=\"et_pb_column_18 et_pb_column et-last-child et_flex_column et_pb_css_mix_blend_mode_passthrough et_flex_column_24_24 et_flex_column_24_24_tablet et_flex_column_24_24_phone\">\n<div class=\"et_pb_image_6 et_pb_image et_pb_module et_flex_module\"><span class=\"et_pb_image_wrap\"><img decoding=\"async\" src=\"https:\/\/datlowe.webfusion.dev\/wp-content\/uploads\/2026\/02\/haidi-image.png\" title=\"haidi-image\" class=\"wp-image-570\" \/><\/span><\/div>\n\n<div class=\"et_pb_group_carousel_0 et_pb_group_carousel et_pb_group et_pb_module et_pb_group_carousel_arrows_outside et_pb_group_carousel_dots_center et_pb_group_carousel_dots_below\"><div class=\"et_pb_group_carousel_container\"><div class=\"et_pb_group_carousel_track\"><div class=\"et_pb_group_carousel_slide\"><div class=\"et_pb_group_0 et_pb_group et_pb_module et_flex_group et_pb_css_mix_blend_mode_passthrough\">\n<div class=\"et_pb_text_8 et_pb_text et_pb_bg_layout_light et_pb_module et_flex_module\"><div class=\"et_pb_text_inner\"><p>Kontinuierliche Datenanalyse<\/p>\n<\/div><\/div>\n\n<div class=\"et_pb_text_9 et_pb_text et_pb_bg_layout_light et_pb_module et_flex_module\"><div class=\"et_pb_text_inner\"><p>Anstatt Stunden mit der \u00dcberpr\u00fcfung von Akten zu verbringen, k\u00f6nnen klinische Pharmazeuten die Patienten priorisieren, die Aufmerksamkeit ben\u00f6tigen, und sich auf sicherere Verschreibung und rechtzeitige Intervention konzentrieren.<\/p>\n<\/div><\/div>\n<\/div><\/div><div class=\"et_pb_group_carousel_slide\"><div class=\"et_pb_group_1 et_pb_group et_pb_module et_flex_group et_pb_css_mix_blend_mode_passthrough\">\n<div class=\"et_pb_text_10 et_pb_text et_pb_bg_layout_light et_pb_module et_flex_module\"><div class=\"et_pb_text_inner\"><p>Klare Risikoidentifikation<\/p>\n<\/div><\/div>\n\n<div class=\"et_pb_text_11 et_pb_text et_pb_bg_layout_light et_pb_module et_flex_module\"><div class=\"et_pb_text_inner\"><p>Relevante Probleme werden in Echtzeit hervorgehoben, mit direktem Zugriff auf den klinischen Kontext, der f\u00fcr eine schnelle und pr\u00e4zise Risikobewertung erforderlich ist.<\/p>\n<\/div><\/div>\n<\/div><\/div><div class=\"et_pb_group_carousel_slide\"><div class=\"et_pb_group_2 et_pb_group et_pb_module et_flex_group et_pb_css_mix_blend_mode_passthrough\">\n<div class=\"et_pb_text_12 et_pb_text et_pb_bg_layout_light et_pb_module et_flex_module\"><div class=\"et_pb_text_inner\"><p>Schnellere Intervention<\/p>\n<\/div><\/div>\n\n<div class=\"et_pb_text_13 et_pb_text et_pb_bg_layout_light et_pb_module et_flex_module\"><div class=\"et_pb_text_inner\"><p>Anstatt Stunden mit der \u00dcberpr\u00fcfung von Akten zu verbringen, k\u00f6nnen klinische Pharmazeuten die Patienten priorisieren, die Aufmerksamkeit ben\u00f6tigen, und sich auf sicherere Verschreibung und rechtzeitige Intervention konzentrieren.<\/p>\n<\/div><\/div>\n<\/div><\/div><div class=\"et_pb_group_carousel_slide\"><div class=\"et_pb_group_3 et_pb_group et-last-child et_pb_module et_flex_group et_pb_css_mix_blend_mode_passthrough\">\n<div class=\"et_pb_text_14 et_pb_text et_pb_bg_layout_light et_pb_module et_flex_module\"><div class=\"et_pb_text_inner\"><p>Bessere Ergebnisse<\/p>\n<\/div><\/div>\n\n<div class=\"et_pb_text_15 et_pb_text et_pb_bg_layout_light et_pb_module et_flex_module\"><div class=\"et_pb_text_inner\"><p>Das Ergebnis sind weniger unerw\u00fcnschte Ereignisse, reduzierte Arbeitsbelastung f\u00fcr klinische Teams und sicherere Versorgung f\u00fcr Patienten.<\/p>\n<\/div><\/div>\n<\/div><\/div><\/div><\/div><span class=\"et_pb_group_carousel_arrow et_pb_group_carousel_arrow_prev\" role=\"button\" tabindex=\"0\" aria-label=\"Previous slide\"><span class=\"et-pb-icon\">\ue03b<\/span><\/span><span class=\"et_pb_group_carousel_arrow et_pb_group_carousel_arrow_next\" role=\"button\" tabindex=\"0\" aria-label=\"Next slide\"><span class=\"et-pb-icon\">\ue03c<\/span><\/span><div class=\"et_pb_group_carousel_dots\"><\/div><\/div>\n\n<div class=\"et_pb_text_16 et_pb_text et_pb_bg_layout_light et_pb_module et_flex_module\"><div class=\"et_pb_text_inner\"><p>Innerhalb der MERIE<\/p>\n<p>App<\/p>\n<\/div><\/div>\n<\/div>\n<\/div>\n<\/div>\n<\/div>\n\n<div class=\"et_pb_row_22 et_pb_row et_flex_row dl-layout-row\">\n<div class=\"et_pb_row_23 et_pb_row et-vb-row--no-module et_pb_row_nested et_flex_row\">\n<div class=\"et_pb_column_19 et_pb_column et-last-child et_flex_column et_pb_column_empty et_pb_css_mix_blend_mode_passthrough et_flex_column_24_24 et_flex_column_24_24_tablet et_flex_column_24_24_phone\"><\/div>\n<\/div>\n<\/div>\n<\/div>","protected":false},"excerpt":{"rendered":"","protected":false},"author":1,"featured_media":0,"parent":0,"menu_order":0,"comment_status":"closed","ping_status":"closed","template":"","meta":{"footnotes":""},"class_list":["post-1093","page","type-page","status-publish","hentry"],"_links":{"self":[{"href":"https:\/\/datlowe.webfusion.dev\/de\/wp-json\/wp\/v2\/pages\/1093","targetHints":{"allow":["GET"]}}],"collection":[{"href":"https:\/\/datlowe.webfusion.dev\/de\/wp-json\/wp\/v2\/pages"}],"about":[{"href":"https:\/\/datlowe.webfusion.dev\/de\/wp-json\/wp\/v2\/types\/page"}],"author":[{"embeddable":true,"href":"https:\/\/datlowe.webfusion.dev\/de\/wp-json\/wp\/v2\/users\/1"}],"replies":[{"embeddable":true,"href":"https:\/\/datlowe.webfusion.dev\/de\/wp-json\/wp\/v2\/comments?post=1093"}],"version-history":[{"count":2,"href":"https:\/\/datlowe.webfusion.dev\/de\/wp-json\/wp\/v2\/pages\/1093\/revisions"}],"predecessor-version":[{"id":1139,"href":"https:\/\/datlowe.webfusion.dev\/de\/wp-json\/wp\/v2\/pages\/1093\/revisions\/1139"}],"wp:attachment":[{"href":"https:\/\/datlowe.webfusion.dev\/de\/wp-json\/wp\/v2\/media?parent=1093"}],"curies":[{"name":"wp","href":"https:\/\/api.w.org\/{rel}","templated":true}]}}