{"id":1104,"date":"2026-02-24T11:30:27","date_gmt":"2026-02-24T11:30:27","guid":{"rendered":"https:\/\/datlowe.webfusion.dev\/?page_id=1104"},"modified":"2026-03-06T09:18:46","modified_gmt":"2026-03-06T09:18:46","slug":"merie","status":"publish","type":"page","link":"https:\/\/datlowe.webfusion.dev\/cs\/merie\/","title":{"rendered":"MERIE"},"content":{"rendered":"<div class=\"et_pb_section_0 et_pb_section et_section_regular et_flex_section\">\n<div class=\"et_pb_row_0 et_pb_row et_flex_row\">\n<div class=\"et_pb_column_0 et_pb_column et_flex_column et_pb_css_mix_blend_mode_passthrough et_flex_column_12_24 et_flex_column_24_24_tablet et_flex_column_24_24_phone\">\n<div class=\"et_pb_text_0 et_pb_text et_pb_bg_layout_light et_pb_module et_flex_module\"><div class=\"et_pb_text_inner\"><p>Virtu\u00e1ln\u00ed asistent<\/p>\n<p>pro rizika medikace<\/p>\n<p>detekce<\/p>\n<\/div><\/div>\n\n<div class=\"et_pb_text_1 et_pb_text et_pb_bg_layout_light et_pb_module et_flex_module\"><div class=\"et_pb_text_inner\"><p><span data-teams=\"true\">MERIE analyzuje z\u00e1znamy pacient\u016f v re\u00e1ln\u00e9m \u010dase, aby detekovala rizika farmakoterapie, podpo\u0159ila bezpe\u010dn\u011bj\u0161\u00ed p\u0159edepisov\u00e1n\u00ed a uvolnila drahocenn\u00fd klinick\u00fd \u010das<\/span><\/p>\n<\/div><\/div>\n<\/div>\n\n<div class=\"et_pb_column_1 et_pb_column et-last-child et_flex_column et_pb_css_mix_blend_mode_passthrough et_flex_column_3_5 et_flex_column_3_5_tablet et_flex_column_24_24_phone\">\n<div class=\"et_pb_image_0 et_pb_image et_pb_module et_flex_module\"><span class=\"et_pb_image_wrap\"><img loading=\"lazy\" decoding=\"async\" src=\"https:\/\/datlowe.webfusion.dev\/wp-content\/uploads\/2026\/02\/merie-hero.png\" title=\"merie-hero\" width=\"836\" height=\"848\" srcset=\"https:\/\/datlowe.webfusion.dev\/wp-content\/uploads\/2026\/02\/merie-hero.png 836w, https:\/\/datlowe.webfusion.dev\/wp-content\/uploads\/2026\/02\/merie-hero-480x487.png 480w\" sizes=\"(min-width: 0px) and (max-width: 480px) 480px, (min-width: 481px) 836px, 100vw\" class=\"wp-image-606\" \/><\/span><\/div>\n<\/div>\n<\/div>\n<\/div>\n\n<div class=\"et_pb_section_1 et_pb_section et_section_regular et_flex_section dl-string-divider\">\n<div class=\"et_pb_row_1 et_pb_row et-vb-row--no-module et_flex_row\">\n<div class=\"et_pb_column_2 et_pb_column et_flex_column et_pb_column_empty et_pb_css_mix_blend_mode_passthrough et_flex_column_24_24 et_flex_column_24_24_tablet et_flex_column_24_24_phone\"><\/div>\n\n<div class=\"et_pb_column_3 et_pb_column et-last-child et_flex_column et_pb_column_empty et_pb_css_mix_blend_mode_passthrough et_flex_column_24_24 et_flex_column_24_24_tablet et_flex_column_24_24_phone\"><\/div>\n<\/div>\n<\/div>\n\n<div class=\"et_pb_section_2 et_pb_section et_section_regular et_flex_section\">\n<div class=\"et_pb_row_2 et_pb_row et_flex_row dl-layout-row\">\n<div class=\"et_pb_row_3 et_pb_row et_pb_row_nested et_flex_row\">\n<div class=\"et_pb_row_4 et_pb_row et_pb_row_nested et_flex_row\">\n<div class=\"et_pb_column_4 et_pb_column et-last-child et_flex_column et_pb_css_mix_blend_mode_passthrough et_flex_column_24_24 et_flex_column_24_24_tablet et_flex_column_24_24_phone\">\n<div class=\"et_pb_text_2 et_pb_text et_pb_bg_layout_light et_pb_module et_flex_module et_flex_column_14_24 et_flex_column_14_24_tablet et_flex_column_14_24_phone\"><div class=\"et_pb_text_inner\"><p>Chyby v medikaci pat\u0159\u00ed mezi nej\u010dast\u011bj\u0161\u00ed ne\u017e\u00e1douc\u00ed ud\u00e1losti v nemocnic\u00edch, co\u017e p\u0159edstavuje v\u00fdznamn\u00e9 riziko pro pacienty a zna\u010dn\u00e9 n\u00e1klady pro poskytovatele zdravotn\u00ed p\u00e9\u010de.<\/p>\n<\/div><\/div>\n<\/div>\n<\/div>\n\n<div class=\"et_pb_row_5 et_pb_row et_pb_row_nested et_flex_row\">\n<div class=\"et_pb_column_5 et_pb_column et_flex_column et_pb_column_empty et_pb_css_mix_blend_mode_passthrough et_flex_column_6_24 et_flex_column_6_24_tablet et_flex_column_6_24_phone\"><\/div>\n\n<div class=\"et_pb_column_6 et_pb_column et-last-child et_flex_column et_pb_css_mix_blend_mode_passthrough et_flex_column_18_24 et_flex_column_18_24_tablet et_flex_column_18_24_phone\">\n<div class=\"et_pb_text_3 et_pb_text et_pb_bg_layout_light et_pb_module et_flex_module\"><div class=\"et_pb_text_inner\"><p><span data-teams=\"true\">D\u016fle\u017eit\u00e9 informace o rizic\u00edch jsou \u010dasto ji\u017e obsa\u017eeny v receptech, laboratorn\u00edch v\u00fdsledc\u00edch a klinick\u00fdch pozn\u00e1mk\u00e1ch \u2013 je v\u0161ak obt\u00ed\u017en\u00e9 je v\u010das propojit prost\u0159ednictv\u00edm manu\u00e1ln\u00ed kontroly. MERIE nep\u0159etr\u017eit\u011b skenuje z\u00e1znamy pacient\u016f na rizika farmakoterapie, v re\u00e1ln\u00e9m \u010dase upozor\u0148uje na relevantn\u00ed probl\u00e9my a poskytuje klinick\u00fd kontext pot\u0159ebn\u00fd k v\u010dasn\u00e9mu z\u00e1sahu. <\/span><\/p>\n<\/div><\/div>\n<\/div>\n<\/div>\n<\/div>\n<\/div>\n\n<div class=\"et_pb_row_6 et_pb_row et_flex_row dl-layout-row\">\n<div class=\"et_pb_row_7 et_pb_row et-vb-row--no-module et_pb_row_nested et_flex_row\">\n<div class=\"et_pb_column_7 et_pb_column et-last-child et_flex_column et_pb_column_empty et_pb_css_mix_blend_mode_passthrough et_flex_column_24_24 et_flex_column_24_24_tablet et_flex_column_24_24_phone\"><\/div>\n<\/div>\n<\/div>\n<\/div>\n\n<div class=\"et_pb_section_3 et_pb_section et_section_regular et_flex_section\">\n<div class=\"et_pb_row_8 et_pb_row et_flex_row dl-layout-row\">\n<div class=\"et_pb_row_9 et_pb_row et_pb_row_nested et_flex_row\">\n<div class=\"et_pb_row_10 et_pb_row et_pb_row_nested et_flex_row\">\n<div class=\"et_pb_column_8 et_pb_column et_flex_column et_pb_css_mix_blend_mode_passthrough et_flex_column_6_24 et_flex_column_24_24_tablet et_flex_column_24_24_phone\">\n<div class=\"et_pb_text_4 et_pb_text et_pb_bg_layout_light et_pb_module et_flex_module\"><div class=\"et_pb_text_inner\"><p>Medikace<\/p>\n<p>  vhled do rizik<\/p>\n<\/div><\/div>\n<\/div>\n\n<div class=\"et_pb_column_9 et_pb_column et-last-child et_flex_column et_pb_css_mix_blend_mode_passthrough et_flex_column_18_24 et_flex_column_24_24_tablet et_flex_column_24_24_phone\">\n<div class=\"et_pb_row_11 et_pb_row et_pb_row_nested et_flex_row dl-merie-benefits\">\n<div class=\"et_pb_column_10 et_pb_column et_flex_column et_pb_css_mix_blend_mode_passthrough et_flex_column_12_24 et_flex_column_12_24_tablet et_flex_column_24_24_phone\">\n<div class=\"et_pb_image_1 et_pb_image et_pb_module et_flex_module\"><span class=\"et_pb_image_wrap\"><img loading=\"lazy\" decoding=\"async\" src=\"https:\/\/datlowe.webfusion.dev\/wp-content\/uploads\/2026\/02\/pills.png\" title=\"pills\" width=\"69\" height=\"73\" sizes=\"(max-width: 69px) 100vw, 69px\" class=\"wp-image-613\" \/><\/span><\/div>\n\n<div class=\"et_pb_toggle_0 et_pb_toggle et_pb_toggle_item et_pb_toggle_close et_pb_module et_flex_module\"><h5 class=\"et_pb_toggle_title\">V\u010dasn\u00e1 identifikace rizik medikace<\/h5><div class=\"et_pb_toggle_content clearfix et_flex_module\"><p>MERIE nep\u0159etr\u017eit\u011b skenuje z\u00e1znamy pacient\u016f na rizika farmakoterapie a upozor\u0148uje na pacienty, kte\u0159\u00ed nejv\u00edce vy\u017eaduj\u00ed klinickou pozornost.<\/p>\n<\/div><\/div>\n<\/div>\n\n<div class=\"et_pb_column_11 et_pb_column et_flex_column et_pb_css_mix_blend_mode_passthrough et_flex_column_12_24 et_flex_column_12_24_tablet et_flex_column_24_24_phone\">\n<div class=\"et_pb_image_2 et_pb_image et_pb_module et_flex_module\"><span class=\"et_pb_image_wrap\"><img loading=\"lazy\" decoding=\"async\" src=\"https:\/\/datlowe.webfusion.dev\/wp-content\/uploads\/2026\/02\/prescription.png\" title=\"prescription\" width=\"58\" height=\"73\" sizes=\"(max-width: 58px) 100vw, 58px\" class=\"wp-image-612\" \/><\/span><\/div>\n\n<div class=\"et_pb_toggle_1 et_pb_toggle et_pb_toggle_item et_pb_toggle_close et_pb_module et_flex_module\"><h5 class=\"et_pb_toggle_title\">Bezpe\u010dn\u011bj\u0161\u00ed p\u0159edepisov\u00e1n\u00ed a m\u00e9n\u011b ne\u017e\u00e1douc\u00edch ud\u00e1lost\u00ed<\/h5><div class=\"et_pb_toggle_content clearfix et_flex_module\"><p>Zv\u00fdrazn\u011bn\u00edm vysoce rizikov\u00fdch situac\u00ed pom\u00e1h\u00e1 MERIE p\u0159edch\u00e1zet ne\u017e\u00e1douc\u00edm \u00fa\u010dink\u016fm l\u00e9k\u016f a podporuje bezpe\u010dn\u011bj\u0161\u00ed a spolehliv\u011bj\u0161\u00ed p\u0159edepisov\u00e1n\u00ed.<\/p>\n<\/div><\/div>\n<\/div>\n\n<div class=\"et_pb_column_12 et_pb_column et_flex_column et_pb_css_mix_blend_mode_passthrough et_flex_column_12_24 et_flex_column_12_24_tablet et_flex_column_24_24_phone\">\n<div class=\"et_pb_image_3 et_pb_image et_pb_module et_flex_module\"><span class=\"et_pb_image_wrap\"><img loading=\"lazy\" decoding=\"async\" src=\"https:\/\/datlowe.webfusion.dev\/wp-content\/uploads\/2026\/02\/calendar.png\" title=\"calendar\" width=\"64\" height=\"67\" sizes=\"(max-width: 64px) 100vw, 64px\" class=\"wp-image-611\" \/><\/span><\/div>\n\n<div class=\"et_pb_toggle_2 et_pb_toggle et_pb_toggle_item et_pb_toggle_close et_pb_module et_flex_module\"><h5 class=\"et_pb_toggle_title\">M\u00e9n\u011b manu\u00e1ln\u00ed kontroly, v\u00edce \u010dasu na p\u00e9\u010di<\/h5><div class=\"et_pb_toggle_content clearfix et_flex_module\"><p>MERIE sni\u017euje manu\u00e1ln\u00ed kontrolu dat a\u017e o 90%, \u010d\u00edm\u017e poskytuje klinick\u00fdm farmaceut\u016fm v\u00edce \u010dasu na p\u00e9\u010di o pacienty a z\u00e1rove\u0148 nab\u00edz\u00ed jasn\u00fd, daty podlo\u017een\u00fd p\u0159ehled o rizic\u00edch a trendech v medikaci v r\u00e1mci cel\u00e9 nemocnice.<\/p>\n<\/div><\/div>\n<\/div>\n\n<div class=\"et_pb_column_13 et_pb_column et-last-child et_flex_column et_pb_css_mix_blend_mode_passthrough et_flex_column_12_24 et_flex_column_12_24_tablet et_flex_column_24_24_phone\">\n<div class=\"et_pb_image_4 et_pb_image et_pb_module et_flex_module\"><span class=\"et_pb_image_wrap\"><img loading=\"lazy\" decoding=\"async\" src=\"https:\/\/datlowe.webfusion.dev\/wp-content\/uploads\/2026\/02\/money.png\" title=\"money\" width=\"74\" height=\"73\" sizes=\"(max-width: 74px) 100vw, 74px\" class=\"wp-image-610\" \/><\/span><\/div>\n\n<div class=\"et_pb_toggle_3 et_pb_toggle et_pb_toggle_item et_pb_toggle_close et_pb_module et_flex_module\"><h5 class=\"et_pb_toggle_title\">Prevence, kter\u00e1 zlep\u0161uje v\u00fdsledky<\/h5><div class=\"et_pb_toggle_content clearfix et_flex_module\"><p>V\u010dasn\u00e1 identifikace rizik medikace pom\u00e1h\u00e1 p\u0159edch\u00e1zet komplikac\u00edm, zkracovat d\u00e9lku hospitalizace a sni\u017eovat zbyte\u010dn\u00e9 klinick\u00e9 a finan\u010dn\u00ed n\u00e1klady.<\/p>\n<\/div><\/div>\n<\/div>\n<\/div>\n<\/div>\n<\/div>\n<\/div>\n<\/div>\n\n<div class=\"et_pb_row_12 et_pb_row et_flex_row dl-layout-row\">\n<div class=\"et_pb_row_13 et_pb_row et-vb-row--no-module et_pb_row_nested et_flex_row\">\n<div class=\"et_pb_column_14 et_pb_column et-last-child et_flex_column et_pb_column_empty et_pb_css_mix_blend_mode_passthrough et_flex_column_24_24 et_flex_column_24_24_tablet et_flex_column_24_24_phone\"><\/div>\n<\/div>\n<\/div>\n<\/div>\n\n<div class=\"et_pb_section_4 et_pb_section et_section_regular et_flex_section\">\n<div class=\"et_pb_row_14 et_pb_row et_flex_row dl-layout-row\">\n<div class=\"et_pb_row_15 et_pb_row et_pb_row_nested et_flex_row\">\n<div class=\"et_pb_row_16 et_pb_row et_pb_row_nested et_flex_row\">\n<div class=\"et_pb_column_15 et_pb_column et_flex_column et_pb_css_mix_blend_mode_passthrough et_flex_column_8_24 et_flex_column_8_24_tablet et_flex_column_8_24_phone\">\n<div class=\"et_pb_text_5 et_pb_text et_pb_bg_layout_light et_pb_module et_flex_module et_flex_column_14_24 et_flex_column_14_24_tablet et_flex_column_14_24_phone dl-merie-tag\"><div class=\"et_pb_text_inner\"><p>MERIE<\/p>\n<\/div><\/div>\n\n<div class=\"et_pb_text_6 et_pb_text et_pb_bg_layout_light et_pb_module et_flex_module et_flex_column_24_24 et_flex_column_24_24_tablet et_flex_column_24_24_phone\"><div class=\"et_pb_text_inner\"><p>Jak MERIE<\/p>\n<p><span style=\"font-size: 64px;\">funguje?<\/span><\/p>\n<\/div><\/div>\n\n<div class=\"et_pb_divider_0 et_pb_divider et_pb_space et_pb_divider_position_top et_pb_module\"><div class=\"et_pb_divider_internal\"><\/div><\/div>\n\n<div class=\"et_pb_text_7 et_pb_text et_pb_bg_layout_light et_pb_module et_flex_module et_flex_column_24_24 et_flex_column_24_24_tablet et_flex_column_24_24_phone\"><div class=\"et_pb_text_inner\"><p><span data-teams=\"true\">MERIE nep\u0159etr\u017eit\u011b identifikuje rizika spojen\u00e1 s farmakoterapi\u00ed a poskytuje klinick\u00fd kontext pot\u0159ebn\u00fd k v\u010dasn\u00e9mu z\u00e1sahu. Nam\u00edsto hodin str\u00e1ven\u00fdch manu\u00e1ln\u00edm proch\u00e1zen\u00edm z\u00e1znam\u016f pacient\u016f z\u00edsk\u00e1vaj\u00ed klini\u010dt\u00ed farmaceuti jasn\u00fd p\u0159ehled o rizic\u00edch medikace s p\u0159\u00edm\u00fdmi odkazy na klinick\u00e9 pozn\u00e1mky a laboratorn\u00ed v\u00fdsledky, kter\u00e9 stoj\u00ed za ka\u017ed\u00fdm upozorn\u011bn\u00edm. <\/span><\/p>\n<\/div><\/div>\n<\/div>\n\n<div class=\"et_pb_column_16 et_pb_column et-last-child et_flex_column et_pb_css_mix_blend_mode_passthrough et_flex_column_24_24 et_flex_column_24_24_tablet et_flex_column_24_24_phone\">\n<div class=\"et_pb_image_5 et_pb_image et_pb_module et_flex_module\"><span class=\"et_pb_image_wrap\"><img loading=\"lazy\" decoding=\"async\" src=\"https:\/\/datlowe.webfusion.dev\/wp-content\/uploads\/2026\/02\/howitworks.png\" title=\"howitworks\" width=\"1150\" height=\"662\" srcset=\"https:\/\/datlowe.webfusion.dev\/wp-content\/uploads\/2026\/02\/howitworks.png 1150w, https:\/\/datlowe.webfusion.dev\/wp-content\/uploads\/2026\/02\/howitworks-980x564.png 980w, https:\/\/datlowe.webfusion.dev\/wp-content\/uploads\/2026\/02\/howitworks-480x276.png 480w\" sizes=\"(min-width: 0px) and (max-width: 480px) 480px, (min-width: 481px) and (max-width: 980px) 980px, (min-width: 981px) 1150px, 100vw\" class=\"wp-image-462\" \/><\/span><\/div>\n<\/div>\n<\/div>\n<\/div>\n<\/div>\n\n<div class=\"et_pb_row_17 et_pb_row et_flex_row dl-layout-row\">\n<div class=\"et_pb_row_18 et_pb_row et-vb-row--no-module et_pb_row_nested et_flex_row\">\n<div class=\"et_pb_column_17 et_pb_column et-last-child et_flex_column et_pb_column_empty et_pb_css_mix_blend_mode_passthrough et_flex_column_24_24 et_flex_column_24_24_tablet et_flex_column_24_24_phone\"><\/div>\n<\/div>\n<\/div>\n<\/div>\n\n<div class=\"et_pb_section_5 et_pb_section et_section_regular et_flex_section\">\n<div class=\"et_pb_row_19 et_pb_row et_flex_row dl-layout-row\">\n<div class=\"et_pb_row_20 et_pb_row et_pb_row_nested et_flex_row\">\n<div class=\"et_pb_row_21 et_pb_row et_pb_row_nested et_flex_row\">\n<div class=\"et_pb_column_18 et_pb_column et-last-child et_flex_column et_pb_css_mix_blend_mode_passthrough et_flex_column_24_24 et_flex_column_24_24_tablet et_flex_column_24_24_phone\">\n<div class=\"et_pb_image_6 et_pb_image et_pb_module et_flex_module\"><span class=\"et_pb_image_wrap\"><img decoding=\"async\" src=\"https:\/\/datlowe.webfusion.dev\/wp-content\/uploads\/2026\/02\/haidi-image.png\" title=\"haidi-image\" class=\"wp-image-570\" \/><\/span><\/div>\n\n<div class=\"et_pb_group_carousel_0 et_pb_group_carousel et_pb_group et_pb_module et_pb_group_carousel_arrows_outside et_pb_group_carousel_dots_center et_pb_group_carousel_dots_below\"><div class=\"et_pb_group_carousel_container\"><div class=\"et_pb_group_carousel_track\"><div class=\"et_pb_group_carousel_slide\"><div class=\"et_pb_group_0 et_pb_group et_pb_module et_flex_group et_pb_css_mix_blend_mode_passthrough\">\n<div class=\"et_pb_text_8 et_pb_text et_pb_bg_layout_light et_pb_module et_flex_module\"><div class=\"et_pb_text_inner\"><p>Nep\u0159etr\u017eit\u00e1 anal\u00fdza dat<\/p>\n<\/div><\/div>\n\n<div class=\"et_pb_text_9 et_pb_text et_pb_bg_layout_light et_pb_module et_flex_module\"><div class=\"et_pb_text_inner\"><p>Nam\u00edsto hodin str\u00e1ven\u00fdch kontrolou z\u00e1znam\u016f mohou klini\u010dt\u00ed farmaceuti prioritizovat pacienty, kte\u0159\u00ed vy\u017eaduj\u00ed pozornost, a soust\u0159edit se na bezpe\u010dn\u011bj\u0161\u00ed p\u0159edepisov\u00e1n\u00ed a v\u010dasnou intervenci.<\/p>\n<\/div><\/div>\n<\/div><\/div><div class=\"et_pb_group_carousel_slide\"><div class=\"et_pb_group_1 et_pb_group et_pb_module et_flex_group et_pb_css_mix_blend_mode_passthrough\">\n<div class=\"et_pb_text_10 et_pb_text et_pb_bg_layout_light et_pb_module et_flex_module\"><div class=\"et_pb_text_inner\"><p>Jasn\u00e1 identifikace rizik<\/p>\n<\/div><\/div>\n\n<div class=\"et_pb_text_11 et_pb_text et_pb_bg_layout_light et_pb_module et_flex_module\"><div class=\"et_pb_text_inner\"><p>Relevantn\u00ed probl\u00e9my jsou zv\u00fdrazn\u011bny v re\u00e1ln\u00e9m \u010dase s p\u0159\u00edm\u00fdm p\u0159\u00edstupem ke klinick\u00e9mu kontextu pot\u0159ebn\u00e9mu k rychl\u00e9mu a p\u0159esn\u00e9mu posouzen\u00ed rizika.<\/p>\n<\/div><\/div>\n<\/div><\/div><div class=\"et_pb_group_carousel_slide\"><div class=\"et_pb_group_2 et_pb_group et_pb_module et_flex_group et_pb_css_mix_blend_mode_passthrough\">\n<div class=\"et_pb_text_12 et_pb_text et_pb_bg_layout_light et_pb_module et_flex_module\"><div class=\"et_pb_text_inner\"><p>Rychlej\u0161\u00ed intervence<\/p>\n<\/div><\/div>\n\n<div class=\"et_pb_text_13 et_pb_text et_pb_bg_layout_light et_pb_module et_flex_module\"><div class=\"et_pb_text_inner\"><p>Nam\u00edsto hodin str\u00e1ven\u00fdch kontrolou z\u00e1znam\u016f mohou klini\u010dt\u00ed farmaceuti prioritizovat pacienty, kte\u0159\u00ed vy\u017eaduj\u00ed pozornost, a soust\u0159edit se na bezpe\u010dn\u011bj\u0161\u00ed p\u0159edepisov\u00e1n\u00ed a v\u010dasnou intervenci.<\/p>\n<\/div><\/div>\n<\/div><\/div><div class=\"et_pb_group_carousel_slide\"><div class=\"et_pb_group_3 et_pb_group et-last-child et_pb_module et_flex_group et_pb_css_mix_blend_mode_passthrough\">\n<div class=\"et_pb_text_14 et_pb_text et_pb_bg_layout_light et_pb_module et_flex_module\"><div class=\"et_pb_text_inner\"><p>Lep\u0161\u00ed v\u00fdsledky<\/p>\n<\/div><\/div>\n\n<div class=\"et_pb_text_15 et_pb_text et_pb_bg_layout_light et_pb_module et_flex_module\"><div class=\"et_pb_text_inner\"><p>V\u00fdsledkem je m\u00e9n\u011b ne\u017e\u00e1douc\u00edch ud\u00e1lost\u00ed, sn\u00ed\u017een\u00ed pracovn\u00ed z\u00e1t\u011b\u017ee klinick\u00fdch t\u00fdm\u016f a bezpe\u010dn\u011bj\u0161\u00ed p\u00e9\u010de o pacienty.<\/p>\n<\/div><\/div>\n<\/div><\/div><\/div><\/div><span class=\"et_pb_group_carousel_arrow et_pb_group_carousel_arrow_prev\" role=\"button\" tabindex=\"0\" aria-label=\"Previous slide\"><span class=\"et-pb-icon\">\ue03b<\/span><\/span><span class=\"et_pb_group_carousel_arrow et_pb_group_carousel_arrow_next\" role=\"button\" tabindex=\"0\" aria-label=\"Next slide\"><span class=\"et-pb-icon\">\ue03c<\/span><\/span><div class=\"et_pb_group_carousel_dots\"><\/div><\/div>\n\n<div class=\"et_pb_text_16 et_pb_text et_pb_bg_layout_light et_pb_module et_flex_module\"><div class=\"et_pb_text_inner\"><p>Uvnit\u0159 aplikace<\/p>\n<p> MERIE<\/p>\n<\/div><\/div>\n<\/div>\n<\/div>\n<\/div>\n<\/div>\n\n<div class=\"et_pb_row_22 et_pb_row et_flex_row dl-layout-row\">\n<div class=\"et_pb_row_23 et_pb_row et-vb-row--no-module et_pb_row_nested et_flex_row\">\n<div class=\"et_pb_column_19 et_pb_column et-last-child et_flex_column et_pb_column_empty et_pb_css_mix_blend_mode_passthrough et_flex_column_24_24 et_flex_column_24_24_tablet et_flex_column_24_24_phone\"><\/div>\n<\/div>\n<\/div>\n<\/div>","protected":false},"excerpt":{"rendered":"","protected":false},"author":1,"featured_media":0,"parent":0,"menu_order":0,"comment_status":"closed","ping_status":"closed","template":"","meta":{"footnotes":""},"class_list":["post-1104","page","type-page","status-publish","hentry"],"_links":{"self":[{"href":"https:\/\/datlowe.webfusion.dev\/cs\/wp-json\/wp\/v2\/pages\/1104","targetHints":{"allow":["GET"]}}],"collection":[{"href":"https:\/\/datlowe.webfusion.dev\/cs\/wp-json\/wp\/v2\/pages"}],"about":[{"href":"https:\/\/datlowe.webfusion.dev\/cs\/wp-json\/wp\/v2\/types\/page"}],"author":[{"embeddable":true,"href":"https:\/\/datlowe.webfusion.dev\/cs\/wp-json\/wp\/v2\/users\/1"}],"replies":[{"embeddable":true,"href":"https:\/\/datlowe.webfusion.dev\/cs\/wp-json\/wp\/v2\/comments?post=1104"}],"version-history":[{"count":2,"href":"https:\/\/datlowe.webfusion.dev\/cs\/wp-json\/wp\/v2\/pages\/1104\/revisions"}],"predecessor-version":[{"id":1138,"href":"https:\/\/datlowe.webfusion.dev\/cs\/wp-json\/wp\/v2\/pages\/1104\/revisions\/1138"}],"wp:attachment":[{"href":"https:\/\/datlowe.webfusion.dev\/cs\/wp-json\/wp\/v2\/media?parent=1104"}],"curies":[{"name":"wp","href":"https:\/\/api.w.org\/{rel}","templated":true}]}}