{"id":1087,"date":"2026-02-25T16:23:09","date_gmt":"2026-02-25T16:23:09","guid":{"rendered":"https:\/\/datlowe.webfusion.dev\/?page_id=1087"},"modified":"2026-03-05T14:31:33","modified_gmt":"2026-03-05T14:31:33","slug":"kontakt","status":"publish","type":"page","link":"https:\/\/datlowe.webfusion.dev\/cs\/kontakt\/","title":{"rendered":"Kontakt"},"content":{"rendered":"<div class=\"et_pb_section_0 et_pb_section et_section_regular et_flex_section\">\n<div class=\"et_pb_row_0 et_pb_row et_flex_row\">\n<div class=\"et_pb_column_0 et_pb_column et_flex_column et_pb_css_mix_blend_mode_passthrough et_flex_column_12_24 et_flex_column_24_24_tablet et_flex_column_24_24_phone\">\n<div class=\"et_pb_text_0 et_pb_text et_pb_bg_layout_light et_pb_module et_flex_module\"><div class=\"et_pb_text_inner\"><p>Lep\u0161\u00ed fungov\u00e1n\u00ed<\/p>\n<p><em>zdravotnictv\u00ed<\/em><\/p>\n<p>za\u010d\u00edn\u00e1 zde.<\/p>\n<\/div><\/div>\n<\/div>\n\n<div class=\"et_pb_column_1 et_pb_column et-last-child et_flex_column et_pb_css_mix_blend_mode_passthrough et_flex_column_3_5 et_flex_column_3_5_tablet et_flex_column_24_24_phone\">\n<div class=\"et_pb_image_0 et_pb_image et_pb_module et_flex_module\"><span class=\"et_pb_image_wrap\"><img loading=\"lazy\" decoding=\"async\" src=\"https:\/\/datlowe.webfusion.dev\/wp-content\/uploads\/2026\/02\/contact-hero.png\" title=\"contact-hero\" width=\"836\" height=\"848\" srcset=\"https:\/\/datlowe.webfusion.dev\/wp-content\/uploads\/2026\/02\/contact-hero.png 836w, https:\/\/datlowe.webfusion.dev\/wp-content\/uploads\/2026\/02\/contact-hero-480x487.png 480w\" sizes=\"(min-width: 0px) and (max-width: 480px) 480px, (min-width: 481px) 836px, 100vw\" class=\"wp-image-686\" \/><\/span><\/div>\n<\/div>\n<\/div>\n<\/div>\n\n<div class=\"et_pb_section_1 et_pb_section et_section_regular et_flex_section dl-string-divider\">\n<div class=\"et_pb_row_1 et_pb_row et-vb-row--no-module et_flex_row\">\n<div class=\"et_pb_column_2 et_pb_column et_flex_column et_pb_column_empty et_pb_css_mix_blend_mode_passthrough et_flex_column_24_24 et_flex_column_24_24_tablet et_flex_column_24_24_phone\"><\/div>\n\n<div class=\"et_pb_column_3 et_pb_column et-last-child et_flex_column et_pb_column_empty et_pb_css_mix_blend_mode_passthrough et_flex_column_24_24 et_flex_column_24_24_tablet et_flex_column_24_24_phone\"><\/div>\n<\/div>\n<\/div>\n\n<div class=\"et_pb_section_2 et_pb_section et_section_regular et_flex_section\">\n<div class=\"et_pb_row_2 et_pb_row et_flex_row dl-layout-row\">\n<div class=\"et_pb_row_3 et_pb_row et_pb_row_nested et_flex_row\">\n<div class=\"et_pb_row_4 et_pb_row et_pb_row_nested et_flex_row\">\n<div class=\"et_pb_column_4 et_pb_column et-last-child et_flex_column et_pb_css_mix_blend_mode_passthrough et_flex_column_24_24 et_flex_column_24_24_tablet et_flex_column_24_24_phone\">\n<div class=\"et_pb_text_1 et_pb_text et_pb_bg_layout_light et_pb_module et_flex_module et_flex_column_14_24 et_flex_column_14_24_tablet et_flex_column_14_24_phone\"><div class=\"et_pb_text_inner\"><p><span data-teams=\"true\">Zjist\u011bte, jak spole\u010dnost Datlowe m\u011bn\u00ed nemocni\u010dn\u00ed data v klinick\u00e9 poznatky v re\u00e1ln\u00e9m \u010dase. Rezervujte si demo a prozkoumejte syst\u00e9my HAIDI nebo MERIE v akci. <\/span><\/p>\n<\/div><\/div>\n<\/div>\n<\/div>\n\n<div class=\"et_pb_row_5 et_pb_row et_pb_row_nested et_flex_row\">\n<div class=\"et_pb_column_5 et_pb_column et_flex_column et_pb_column_empty et_pb_css_mix_blend_mode_passthrough et_flex_column_8_24 et_flex_column_8_24_tablet et_flex_column_8_24_phone\"><\/div>\n\n<div class=\"et_pb_column_6 et_pb_column et-last-child et_flex_column et_pb_css_mix_blend_mode_passthrough et_flex_column_16_24 et_flex_column_16_24_tablet et_flex_column_16_24_phone\">\n<div class=\"et_pb_row_6 et_pb_row et_pb_row_nested et_flex_row\">\n<div class=\"et_pb_column_7 et_pb_column et_flex_column et_pb_css_mix_blend_mode_passthrough et_flex_column_12_24 et_flex_column_12_24_tablet et_flex_column_24_24_phone\">\n<div class=\"et_pb_image_1 et_pb_image et_pb_module et_flex_module\"><span class=\"et_pb_image_wrap\"><img loading=\"lazy\" decoding=\"async\" src=\"https:\/\/datlowe.webfusion.dev\/wp-content\/uploads\/2026\/02\/jan-somol.png\" title=\"jan-somol\" width=\"70\" height=\"70\" sizes=\"(max-width: 70px) 100vw, 70px\" class=\"wp-image-699\" \/><\/span><\/div>\n\n<div class=\"et_pb_text_2 et_pb_text et_pb_bg_layout_light et_pb_module et_flex_module\"><div class=\"et_pb_text_inner\"><p>Jan Somol<\/p>\n<p>Vedouc\u00ed prodeje<\/p>\n<p>\u010cesk\u00e1 republika<\/p>\n<\/div><\/div>\n\n<div class=\"et_pb_divider_0 et_pb_divider et_pb_space et_pb_divider_position_top et_pb_module\"><div class=\"et_pb_divider_internal\"><\/div><\/div>\n\n<div class=\"et_pb_text_3 et_pb_text et_pb_bg_layout_light et_pb_module et_flex_module\"><div class=\"et_pb_text_inner\"><p>Jazyky: \u010de\u0161tina, angli\u010dtina<\/p>\n<\/div><\/div>\n\n<div class=\"et_pb_divider_1 et_pb_divider et_pb_space et_pb_divider_position_top et_pb_module\"><div class=\"et_pb_divider_internal\"><\/div><\/div>\n\n<div class=\"et_pb_text_4 et_pb_text et_pb_bg_layout_light et_clickable et_pb_module et_flex_module\"><div class=\"et_pb_text_inner\"><p><span class=\"dl-text-btn\" style=\"--cta-text-color: white; --cta-icon-color: #ff465b; --cta-border-color: white; align-items: center !important;\"><span class=\"dl-text-btn__label\" style=\"font-size: 16px;\">Rezervujte si hovor s Janem<\/span><span class=\"dl-text-btn__icon et-pb-icon\" aria-hidden=\"true\">\ue03c<\/span><\/span><\/p>\n<\/div><\/div>\n<\/div>\n\n<div class=\"et_pb_column_8 et_pb_column et_flex_column et_pb_css_mix_blend_mode_passthrough et_flex_column_12_24 et_flex_column_12_24_tablet et_flex_column_24_24_phone\">\n<div class=\"et_pb_image_2 et_pb_image et_pb_module et_flex_module\"><span class=\"et_pb_image_wrap\"><img loading=\"lazy\" decoding=\"async\" src=\"https:\/\/datlowe.webfusion.dev\/wp-content\/uploads\/2026\/02\/thomas-dewald.png\" title=\"thomas-dewald\" width=\"70\" height=\"70\" sizes=\"(max-width: 70px) 100vw, 70px\" class=\"wp-image-698\" \/><\/span><\/div>\n\n<div class=\"et_pb_text_5 et_pb_text et_pb_bg_layout_light et_pb_module et_flex_module\"><div class=\"et_pb_text_inner\"><p>Thomas Dewald<\/p>\n<p><span data-teams=\"true\">Senior<\/span><span data-teams=\"true\"> Partnership Manager<\/span><\/p>\n<p>Rakousko<\/p>\n<\/div><\/div>\n\n<div class=\"et_pb_divider_2 et_pb_divider et_pb_space et_pb_divider_position_top et_pb_module\"><div class=\"et_pb_divider_internal\"><\/div><\/div>\n\n<div class=\"et_pb_text_6 et_pb_text et_pb_bg_layout_light et_pb_module et_flex_module\"><div class=\"et_pb_text_inner\"><p>Jazyky: n\u011bm\u010dina, angli\u010dtina<\/p>\n<\/div><\/div>\n\n<div class=\"et_pb_divider_3 et_pb_divider et_pb_space et_pb_divider_position_top et_pb_module\"><div class=\"et_pb_divider_internal\"><\/div><\/div>\n\n<div class=\"et_pb_text_7 et_pb_text et_pb_bg_layout_light et_clickable et_pb_module et_flex_module\"><div class=\"et_pb_text_inner\"><p><span class=\"dl-text-btn\" style=\"--cta-text-color: white; --cta-icon-color: #ff465b; --cta-border-color: white; align-items: center !important;\"><span class=\"dl-text-btn__label\" style=\"font-size: 16px;\">Rezervujte si hovor s Thomasem<\/span><span class=\"dl-text-btn__icon et-pb-icon\" aria-hidden=\"true\">\ue03c<\/span><\/span><\/p>\n<\/div><\/div>\n<\/div>\n\n<div class=\"et_pb_column_9 et_pb_column et-last-child et_flex_column et_pb_css_mix_blend_mode_passthrough et_flex_column_12_24 et_flex_column_12_24_tablet et_flex_column_24_24_phone\">\n<div class=\"et_pb_image_3 et_pb_image et_pb_module et_flex_module\"><span class=\"et_pb_image_wrap\"><img loading=\"lazy\" decoding=\"async\" src=\"https:\/\/datlowe.webfusion.dev\/wp-content\/uploads\/2026\/02\/slawomir-miazek.png\" title=\"slawomir-miazek\" width=\"70\" height=\"70\" sizes=\"(max-width: 70px) 100vw, 70px\" class=\"wp-image-697\" \/><\/span><\/div>\n\n<div class=\"et_pb_text_8 et_pb_text et_pb_bg_layout_light et_pb_module et_flex_module\"><div class=\"et_pb_text_inner\"><p>Slawomir Miazek<\/p>\n<p>Partnership Manager<\/p>\n<p>Polsko<\/p>\n<\/div><\/div>\n\n<div class=\"et_pb_divider_4 et_pb_divider et_pb_space et_pb_divider_position_top et_pb_module\"><div class=\"et_pb_divider_internal\"><\/div><\/div>\n\n<div class=\"et_pb_text_9 et_pb_text et_pb_bg_layout_light et_pb_module et_flex_module\"><div class=\"et_pb_text_inner\"><p>Jazyky: pol\u0161tina, angli\u010dtina<\/p>\n<\/div><\/div>\n\n<div class=\"et_pb_divider_5 et_pb_divider et_pb_space et_pb_divider_position_top et_pb_module\"><div class=\"et_pb_divider_internal\"><\/div><\/div>\n\n<div class=\"et_pb_text_10 et_pb_text et_pb_bg_layout_light et_clickable et_pb_module et_flex_module\"><div class=\"et_pb_text_inner\"><p><span class=\"dl-text-btn\" style=\"--cta-text-color: white; --cta-icon-color: #ff465b; --cta-border-color: white; align-items: center !important;\"><span class=\"dl-text-btn__label\" style=\"font-size: 16px;\">Rezervujte si hovor se Slawkem<\/span><span class=\"dl-text-btn__icon et-pb-icon\" aria-hidden=\"true\">\ue03c<\/span><\/span><\/p>\n<\/div><\/div>\n<\/div>\n<\/div>\n<\/div>\n<\/div>\n<\/div>\n<\/div>\n\n<div class=\"et_pb_row_7 et_pb_row et_flex_row dl-layout-row\">\n<div class=\"et_pb_row_8 et_pb_row et-vb-row--no-module et_pb_row_nested et_flex_row\">\n<div class=\"et_pb_column_10 et_pb_column et-last-child et_flex_column et_pb_column_empty et_pb_css_mix_blend_mode_passthrough et_flex_column_24_24 et_flex_column_24_24_tablet et_flex_column_24_24_phone\"><\/div>\n<\/div>\n<\/div>\n<\/div>\n\n<div class=\"et_pb_section_3 et_pb_section et_section_regular et_flex_section\">\n<div class=\"et_pb_row_9 et_pb_row et_flex_row dl-layout-row\">\n<div class=\"et_pb_row_10 et_pb_row et_pb_row_nested et_flex_row\">\n<div class=\"et_pb_row_11 et_pb_row et_pb_row_nested et_flex_row\">\n<div class=\"et_pb_column_11 et_pb_column et_flex_column et_pb_css_mix_blend_mode_passthrough et_flex_column_8_24 et_flex_column_8_24_tablet et_flex_column_24_24_phone\">\n<div class=\"et_pb_text_11 et_pb_text et_pb_bg_layout_light et_pb_module et_flex_module\"><div class=\"et_pb_text_inner\"><p>M\u00e1te dotazy?<\/p>\n<p><span data-teams=\"true\">R\u00e1di v\u00e1m pom\u016f\u017eeme.<\/span><\/p>\n<\/div><\/div>\n<\/div>\n\n<div class=\"et_pb_column_12 et_pb_column et-last-child et_flex_column et_pb_css_mix_blend_mode_passthrough et_flex_column_16_24 et_flex_column_16_24_tablet et_flex_column_24_24_phone\">\n<div class=\"et_pb_contact_form_0 et_pb_contact_form_container clearfix et_pb_module et_flex_module\" data-form_unique_num=\"0\" data-form_unique_id=\"bc0cdeb0-1c45-4914-811d-80dba7c63fc1\" id=\"et_pb_contact_form_bc0cdeb0-1c45-4914-811d-80dba7c63fc1\"><div class=\"et-pb-contact-message\"><\/div><div class=\"et_pb_contact\"><form class=\"et_pb_contact_form et_flex_module\" method=\"post\" action=\"https:\/\/datlowe.webfusion.dev\/cs\/wp-json\/wp\/v2\/pages\/1087\">\n<div class=\"et_pb_contact_field_0 et_pb_contact_field et_pb_module et_flex_module et_flex_column_12_24 et_flex_column_12_24_tablet et_flex_column_12_24_phone\" data-id=\"name\" data-type=\"input\"><label class=\"et_pb_contact_form_label\" for=\"et_pb_contact_0_name_0\">Jm\u00e9no<\/label><input type=\"text\" name=\"et_pb_contact_0_name_0\" id=\"et_pb_contact_0_name_0\" class=\"input\" data-required_mark=\"required\" data-field_type=\"input\" data-original_id=\"name\" placeholder=\"Jm\u00e9no\" pattern=\".{0,30}\" title=\"Maxim\u00e1ln\u00ed d\u00e9lka: 30 znak\u016f.\" maxlength=\"30\" value=\"\" \/><\/div>\n\n<div class=\"et_pb_contact_field_1 et_pb_contact_field et_pb_module et_flex_module et_flex_column_12_24 et_flex_column_12_24_tablet et_flex_column_12_24_phone\" data-id=\"lastname\" data-type=\"input\"><label class=\"et_pb_contact_form_label\" for=\"et_pb_contact_0_lastname_1\">P\u0159\u00edjmen\u00ed<\/label><input type=\"text\" name=\"et_pb_contact_0_lastname_1\" id=\"et_pb_contact_0_lastname_1\" class=\"input\" data-required_mark=\"required\" data-field_type=\"input\" data-original_id=\"lastname\" placeholder=\"P\u0159\u00edjmen\u00ed\" pattern=\".{0,30}\" title=\"Maxim\u00e1ln\u00ed d\u00e9lka: 30 znak\u016f.\" maxlength=\"30\" value=\"\" \/><\/div>\n\n<div class=\"et_pb_contact_field_2 et_pb_contact_field et_pb_module et_flex_module et_flex_column_12_24 et_flex_column_12_24_tablet et_flex_column_12_24_phone\" data-id=\"company\" data-type=\"input\"><label class=\"et_pb_contact_form_label\" for=\"et_pb_contact_0_company_2\">Spole\u010dnost<\/label><input type=\"text\" name=\"et_pb_contact_0_company_2\" id=\"et_pb_contact_0_company_2\" class=\"input\" data-required_mark=\"required\" data-field_type=\"input\" data-original_id=\"company\" placeholder=\"Spole\u010dnost\" pattern=\".{0,30}\" title=\"Maxim\u00e1ln\u00ed d\u00e9lka: 30 znak\u016f.\" maxlength=\"30\" value=\"\" \/><\/div>\n\n<div class=\"et_pb_contact_field_3 et_pb_contact_field et_pb_module et_flex_module et_flex_column_12_24 et_flex_column_12_24_tablet et_flex_column_12_24_phone\" data-id=\"position\" data-type=\"input\"><label class=\"et_pb_contact_form_label\" for=\"et_pb_contact_0_position_3\">Pozice<\/label><input type=\"text\" name=\"et_pb_contact_0_position_3\" id=\"et_pb_contact_0_position_3\" class=\"input\" data-required_mark=\"required\" data-field_type=\"input\" data-original_id=\"position\" placeholder=\"Pozice\" pattern=\".{0,30}\" title=\"Maxim\u00e1ln\u00ed d\u00e9lka: 30 znak\u016f.\" maxlength=\"30\" value=\"\" \/><\/div>\n\n<div class=\"et_pb_contact_field_4 et_pb_contact_field et_pb_module et_flex_module et_flex_column_12_24 et_flex_column_12_24_tablet et_flex_column_12_24_phone\" data-id=\"email\" data-type=\"email\"><label class=\"et_pb_contact_form_label\" for=\"et_pb_contact_0_email_4\">E-mail<\/label><input type=\"text\" name=\"et_pb_contact_0_email_4\" id=\"et_pb_contact_0_email_4\" class=\"input\" data-required_mark=\"required\" data-field_type=\"email\" data-original_id=\"email\" placeholder=\"E-mail\" title=\"\" value=\"\" \/><\/div>\n\n<div class=\"et_pb_contact_field_5 et_pb_contact_field et_pb_module et_flex_module et_flex_column_12_24 et_flex_column_12_24_tablet et_flex_column_12_24_phone\" data-id=\"phone\" data-type=\"input\"><label class=\"et_pb_contact_form_label\" for=\"et_pb_contact_0_phone_5\">Telefonn\u00ed \u010d\u00edslo<\/label><input type=\"text\" name=\"et_pb_contact_0_phone_5\" id=\"et_pb_contact_0_phone_5\" class=\"input\" data-required_mark=\"required\" data-field_type=\"input\" data-original_id=\"phone\" placeholder=\"Telefonn\u00ed \u010d\u00edslo\" pattern=\".{0,30}\" title=\"Maxim\u00e1ln\u00ed d\u00e9lka: 30 znak\u016f.\" maxlength=\"30\" value=\"\" \/><\/div>\n\n<div class=\"et_pb_contact_field_6 et_pb_contact_field et_pb_module et_flex_module et_flex_column_24_24 et_flex_column_24_24_tablet et_flex_column_24_24_phone\" data-id=\"subject\" data-type=\"input\"><label class=\"et_pb_contact_form_label\" for=\"et_pb_contact_0_subject_6\">P\u0159edm\u011bt<\/label><input type=\"text\" name=\"et_pb_contact_0_subject_6\" id=\"et_pb_contact_0_subject_6\" class=\"input\" data-required_mark=\"required\" data-field_type=\"input\" data-original_id=\"subject\" placeholder=\"P\u0159edm\u011bt\" pattern=\".{0,150}\" title=\"Maxim\u00e1ln\u00ed d\u00e9lka: 150 znak\u016f.\" maxlength=\"150\" value=\"\" \/><\/div>\n\n<div class=\"et_pb_contact_field_7 et_pb_contact_field et_pb_module et_flex_module et_flex_column_24_24 et_flex_column_24_24_tablet et_flex_column_24_24_phone\" data-id=\"message\" data-type=\"text\"><label class=\"et_pb_contact_form_label\" for=\"et_pb_contact_0_message_7\">Zpr\u00e1va<\/label><textarea name=\"et_pb_contact_0_message_7\" id=\"et_pb_contact_0_message_7\" class=\"et_pb_contact_message input\" data-required_mark=\"required\" data-field_type=\"text\" data-original_id=\"message\" placeholder=\"Zpr\u00e1va\"><\/textarea><\/div>\n\n<div class=\"et_pb_contact_field_8 et_pb_contact_field et_pb_module et_flex_module et_flex_column_24_24 et_flex_column_24_24_tablet et_flex_column_24_24_phone\" data-id=\"gdpr\" data-type=\"checkbox\"><input type=\"hidden\" name=\"et_pb_contact_0_gdpr_8\" class=\"et_pb_checkbox_handle\" data-required_mark=\"required\" data-field_type=\"checkbox\" data-original_id=\"gdpr\" \/><span class=\"et_pb_contact_field_options_wrapper\"><span class=\"et_pb_contact_field_options_title\"><\/span><span class=\"et_pb_contact_field_options_list\"><span class=\"et_pb_contact_field_checkbox\"><input type=\"checkbox\" id=\"et_pb_contact_0_gdpr_8_0\" class=\"input\" value=\"I agree with all GDPR conditions\" data-required_mark=\"required\" data-field_type=\"checkbox\" data-original_id=\"gdpr\" \/><label for=\"et_pb_contact_0_gdpr_8_0\"><i><\/i>I agree with all GDPR conditions<\/label><\/span><\/span><\/span><\/div>\n<input type=\"hidden\" name=\"et_pb_contactform_submit_bc0cdeb0-1c45-4914-811d-80dba7c63fc1\" value=\"et_contact_proccess\" \/><div class=\"et_contact_bottom_container\"><div class=\"et_pb_contact_right et_pb_contact_field\"><p class=\"clearfix\"><span class=\"et_pb_contact_captcha_question\">7 + 13<\/span> = <input type=\"text\" size=\"2\" class=\"input et_pb_contact_captcha\" data-first_digit=\"7\" data-second_digit=\"13\" data-required_mark=\"required\" name=\"et_pb_contact_captcha_bc0cdeb0-1c45-4914-811d-80dba7c63fc1\" autocomplete=\"off\" \/><\/p><\/div><div class=\"et_pb_button_wrapper\"><button type=\"submit\" name=\"et_builder_submit_button\" class=\"et_pb_button et_pb_contact_submit\">Submit<\/button><\/div><\/div><input type=\"hidden\" id=\"_wpnonce-et-pb-contact-form-submitted-bc0cdeb0-1c45-4914-811d-80dba7c63fc1\" name=\"_wpnonce-et-pb-contact-form-submitted-bc0cdeb0-1c45-4914-811d-80dba7c63fc1\" value=\"7150931170\" \/><input type=\"hidden\" name=\"_wp_http_referer\" value=\"\/cs\/wp-json\/wp\/v2\/pages\/1087\" \/><\/form><\/div><\/div>\n<\/div>\n<\/div>\n<\/div>\n<\/div>\n\n<div class=\"et_pb_row_12 et_pb_row et_flex_row dl-layout-row\">\n<div class=\"et_pb_row_13 et_pb_row et-vb-row--no-module et_pb_row_nested et_flex_row\">\n<div class=\"et_pb_column_13 et_pb_column et-last-child et_flex_column et_pb_column_empty et_pb_css_mix_blend_mode_passthrough et_flex_column_24_24 et_flex_column_24_24_tablet et_flex_column_24_24_phone\"><\/div>\n<\/div>\n<\/div>\n<\/div>","protected":false},"excerpt":{"rendered":"","protected":false},"author":1,"featured_media":0,"parent":0,"menu_order":0,"comment_status":"closed","ping_status":"closed","template":"","meta":{"footnotes":""},"class_list":["post-1087","page","type-page","status-publish","hentry"],"_links":{"self":[{"href":"https:\/\/datlowe.webfusion.dev\/cs\/wp-json\/wp\/v2\/pages\/1087","targetHints":{"allow":["GET"]}}],"collection":[{"href":"https:\/\/datlowe.webfusion.dev\/cs\/wp-json\/wp\/v2\/pages"}],"about":[{"href":"https:\/\/datlowe.webfusion.dev\/cs\/wp-json\/wp\/v2\/types\/page"}],"author":[{"embeddable":true,"href":"https:\/\/datlowe.webfusion.dev\/cs\/wp-json\/wp\/v2\/users\/1"}],"replies":[{"embeddable":true,"href":"https:\/\/datlowe.webfusion.dev\/cs\/wp-json\/wp\/v2\/comments?post=1087"}],"version-history":[{"count":1,"href":"https:\/\/datlowe.webfusion.dev\/cs\/wp-json\/wp\/v2\/pages\/1087\/revisions"}],"predecessor-version":[{"id":1088,"href":"https:\/\/datlowe.webfusion.dev\/cs\/wp-json\/wp\/v2\/pages\/1087\/revisions\/1088"}],"wp:attachment":[{"href":"https:\/\/datlowe.webfusion.dev\/cs\/wp-json\/wp\/v2\/media?parent=1087"}],"curies":[{"name":"wp","href":"https:\/\/api.w.org\/{rel}","templated":true}]}}